{"id":952,"date":"2015-02-17T12:57:18","date_gmt":"2015-02-17T12:57:18","guid":{"rendered":"http:\/\/drarlenecaplan.com\/home\/?lang=fr"},"modified":"2025-06-29T05:57:55","modified_gmt":"2025-06-29T05:57:55","slug":"home","status":"publish","type":"page","link":"https:\/\/drarlenecaplan.com\/fr\/","title":{"rendered":"Acceuil"},"content":{"rendered":"<div id=\"pl-952\"  class=\"panel-layout\" ><div id=\"pg-952-0\"  class=\"panel-grid panel-no-style\" ><div id=\"pgc-952-0-0\"  class=\"panel-grid-cell\" ><div id=\"panel-952-0-0-0\" class=\"so-panel widget widget_black-studio-tinymce widget_black_studio_tinymce panel-first-child panel-last-child\" data-index=\"0\" ><h3 class=\"widget-title\">Psychoth\u00e9rapie dans un cadre chaleureux et accueillant au c\u0153ur du Vieux-Montr\u00e9al.<\/h3><div class=\"textwidget\"><p>Je travaille en pratique priv\u00e9e depuis plus de 35 ans avec des adultes et des enfants de tous \u00e2ges. Je traite les clients individuellement, en couple, ou avec leurs familles, en fonction de leurs besoins, pr\u00e9f\u00e9rences et objectifs. Mon cabinet de th\u00e9rapie, situ\u00e9 au troisi\u00e8me \u00e9tage d'un b\u00e2timent historique dans le Vieux-Montr\u00e9al, est un espace confortable et apaisant qui respecte la confidentialit\u00e9 et aide les clients \u00e0 se d\u00e9tendre et \u00e0 s\u2019ouvrir. Mon approche est flexible, collaborative et individualis\u00e9e pour r\u00e9pondre aux objectifs, besoins, croyances et style de personnalit\u00e9 de chaque client.<\/p>\n<\/div><\/div><\/div><\/div><div id=\"pg-952-1\"  class=\"panel-grid panel-has-style\" ><div class=\"panel-row-style panel-row-style-for-952-1\" ><div id=\"pgc-952-1-0\"  class=\"panel-grid-cell\" ><div id=\"panel-952-1-0-0\" class=\"so-panel widget widget_pw_featured_page widget-featured-page panel-first-child panel-last-child\" data-index=\"1\" >\n\n\t<div class=\"page-box  page-box--block\">\n\t\t<a class=\"page-box__picture\" href=\"https:\/\/drarlenecaplan.com\/fr\/a-mon-sujet\/\"><img width=\"525\" height=\"350\" src=\"https:\/\/drarlenecaplan.com\/wp-content\/uploads\/2018\/04\/Dr-Arlene-Caplan-525x350.jpg\" class=\"attachment-pw-page-box size-pw-page-box wp-post-image\" alt=\"\" loading=\"lazy\" srcset=\"https:\/\/drarlenecaplan.com\/wp-content\/uploads\/2018\/04\/Dr-Arlene-Caplan-525x350.jpg 525w, https:\/\/drarlenecaplan.com\/wp-content\/uploads\/2018\/04\/Dr-Arlene-Caplan-300x200.jpg 300w, https:\/\/drarlenecaplan.com\/wp-content\/uploads\/2018\/04\/Dr-Arlene-Caplan-768x513.jpg 768w, https:\/\/drarlenecaplan.com\/wp-content\/uploads\/2018\/04\/Dr-Arlene-Caplan-1024x684.jpg 1024w, https:\/\/drarlenecaplan.com\/wp-content\/uploads\/2018\/04\/Dr-Arlene-Caplan-272x182.jpg 272w, https:\/\/drarlenecaplan.com\/wp-content\/uploads\/2018\/04\/Dr-Arlene-Caplan.jpg 1600w\" sizes=\"(max-width: 525px) 100vw, 525px\" \/><\/a>\n\t\t<div class=\"page-box__content\">\n\t\t\t<h5 class=\"page-box__title  text-uppercase\"><a href=\"https:\/\/drarlenecaplan.com\/fr\/a-mon-sujet\/\">\u00c0 mon sujet<\/a><\/h5>\n\t\t\t<p>N\u00e9e \u00e0 Montr\u00e9al, j\u2019ai suivi toute ma formation professionnelle \u00e0 l\u2019Universit\u00e9 McGill. J\u2019ai obtenu mon baccalaur\u00e9at en psychologie en 1978, mon dipl\u00f4me de ma\u00eetrise en psychologie p\u00e9dagogique en 1984, puis mon dipl\u00f4me de doctorat &hellip;<\/p>\n\t\t\t\t<p><a href=\"https:\/\/drarlenecaplan.com\/fr\/a-mon-sujet\/\" class=\"read-more  read-more--page-box\">En savoir plus...<\/a><\/p>\n\t\t<\/div>\n\t<\/div>\n\n<\/div><\/div><div id=\"pgc-952-1-1\"  class=\"panel-grid-cell\" ><div id=\"panel-952-1-1-0\" class=\"so-panel widget widget_pw_featured_page widget-featured-page panel-first-child panel-last-child\" data-index=\"2\" >\n\n\t<div class=\"page-box  page-box--block\">\n\t\t<a class=\"page-box__picture\" href=\"https:\/\/drarlenecaplan.com\/fr\/approche-therapeutique\/\"><img width=\"525\" height=\"350\" src=\"https:\/\/drarlenecaplan.com\/wp-content\/uploads\/2018\/04\/Therapy-approach-books-525x350.jpg\" class=\"attachment-pw-page-box size-pw-page-box wp-post-image\" alt=\"\" loading=\"lazy\" srcset=\"https:\/\/drarlenecaplan.com\/wp-content\/uploads\/2018\/04\/Therapy-approach-books-525x350.jpg 525w, https:\/\/drarlenecaplan.com\/wp-content\/uploads\/2018\/04\/Therapy-approach-books-300x200.jpg 300w, https:\/\/drarlenecaplan.com\/wp-content\/uploads\/2018\/04\/Therapy-approach-books-768x513.jpg 768w, https:\/\/drarlenecaplan.com\/wp-content\/uploads\/2018\/04\/Therapy-approach-books-1024x684.jpg 1024w, https:\/\/drarlenecaplan.com\/wp-content\/uploads\/2018\/04\/Therapy-approach-books-272x182.jpg 272w, https:\/\/drarlenecaplan.com\/wp-content\/uploads\/2018\/04\/Therapy-approach-books.jpg 1600w\" sizes=\"(max-width: 525px) 100vw, 525px\" \/><\/a>\n\t\t<div class=\"page-box__content\">\n\t\t\t<h5 class=\"page-box__title  text-uppercase\"><a href=\"https:\/\/drarlenecaplan.com\/fr\/approche-therapeutique\/\">Mon approche th\u00e9rapeutique<\/a><\/h5>\n\t\t\t<p>J\u2019adopte une d\u00e9marche collaborative et j\u2019\u00e9tablis un partenariat avec mes clients afin que nous mettions nos efforts en commun afin de comprendre, de d\u00e9terminer et d\u2019atteindre leurs buts.<\/p>\n\t\t\t\t<p><a href=\"https:\/\/drarlenecaplan.com\/fr\/approche-therapeutique\/\" class=\"read-more  read-more--page-box\">En savoir plus...<\/a><\/p>\n\t\t<\/div>\n\t<\/div>\n\n<\/div><\/div><div id=\"pgc-952-1-2\"  class=\"panel-grid-cell\" ><div id=\"panel-952-1-2-0\" class=\"so-panel widget widget_pw_featured_page widget-featured-page panel-first-child panel-last-child\" data-index=\"3\" >\n\n\t<div class=\"page-box  page-box--block\">\n\t\t<a class=\"page-box__picture\" href=\"https:\/\/drarlenecaplan.com\/fr\/a-propos-de-ma-pratique-privee\/\"><img width=\"525\" height=\"350\" src=\"https:\/\/drarlenecaplan.com\/wp-content\/uploads\/2018\/04\/fullview-525x350.jpg\" class=\"attachment-pw-page-box size-pw-page-box wp-post-image\" alt=\"\" loading=\"lazy\" srcset=\"https:\/\/drarlenecaplan.com\/wp-content\/uploads\/2018\/04\/fullview-525x350.jpg 525w, https:\/\/drarlenecaplan.com\/wp-content\/uploads\/2018\/04\/fullview-300x200.jpg 300w, https:\/\/drarlenecaplan.com\/wp-content\/uploads\/2018\/04\/fullview-768x513.jpg 768w, https:\/\/drarlenecaplan.com\/wp-content\/uploads\/2018\/04\/fullview-272x182.jpg 272w, https:\/\/drarlenecaplan.com\/wp-content\/uploads\/2018\/04\/fullview.jpg 800w\" sizes=\"(max-width: 525px) 100vw, 525px\" \/><\/a>\n\t\t<div class=\"page-box__content\">\n\t\t\t<h5 class=\"page-box__title  text-uppercase\"><a href=\"https:\/\/drarlenecaplan.com\/fr\/a-propos-de-ma-pratique-privee\/\">\u00c0 propos de ma pratique priv\u00e9e<\/a><\/h5>\n\t\t\t<p>Je travaille avec des gens de tout \u00e2ge et de tous les horizons. Comme je parle anglais, fran\u00e7ais, espagnol et h\u00e9breu, mes clients proviennent de divers milieux culturels. Je traite des enfants, des adolescents et des parents qui font face &hellip;<\/p>\n\t\t\t\t<p><a href=\"https:\/\/drarlenecaplan.com\/fr\/a-propos-de-ma-pratique-privee\/\" class=\"read-more  read-more--page-box\">En savoir plus...<\/a><\/p>\n\t\t<\/div>\n\t<\/div>\n\n<\/div><\/div><\/div><\/div><div id=\"pg-952-2\"  class=\"panel-grid panel-no-style\" ><div id=\"pgc-952-2-0\"  class=\"panel-grid-cell\" ><div id=\"panel-952-2-0-0\" class=\"so-panel widget widget_pw_featured_page widget-featured-page panel-first-child panel-last-child\" data-index=\"4\" >\n\n\t<div class=\"page-box  page-box--block\">\n\t\t<a class=\"page-box__picture\" href=\"https:\/\/drarlenecaplan.com\/fr\/location\/\"><img width=\"525\" height=\"350\" src=\"https:\/\/drarlenecaplan.com\/wp-content\/uploads\/2018\/04\/Youville-525x350.jpg\" class=\"attachment-pw-page-box size-pw-page-box wp-post-image\" alt=\"\" loading=\"lazy\" srcset=\"https:\/\/drarlenecaplan.com\/wp-content\/uploads\/2018\/04\/Youville-525x350.jpg 525w, https:\/\/drarlenecaplan.com\/wp-content\/uploads\/2018\/04\/Youville-272x182.jpg 272w\" sizes=\"(max-width: 525px) 100vw, 525px\" \/><\/a>\n\t\t<div class=\"page-box__content\">\n\t\t\t<h5 class=\"page-box__title  text-uppercase\"><a href=\"https:\/\/drarlenecaplan.com\/fr\/location\/\">Emplacement<\/a><\/h5>\n\t\t\t<p>Mon cabinet se situe dans un b\u00e2timent historique dans le Vieux-Montr\u00e9al, \u00e0 proximit\u00e9 du centre-ville, des quartiers financiers et d\u2019affaires, ainsi que des universit\u00e9s de Montr\u00e9al. Il est ais\u00e9ment accessible en voiture et au moyen des &hellip;<\/p>\n\t\t\t\t<p><a href=\"https:\/\/drarlenecaplan.com\/fr\/location\/\" class=\"read-more  read-more--page-box\">En savoir plus...<\/a><\/p>\n\t\t<\/div>\n\t<\/div>\n\n<\/div><\/div><div id=\"pgc-952-2-1\"  class=\"panel-grid-cell\" ><div id=\"panel-952-2-1-0\" class=\"so-panel widget widget_pw_featured_page widget-featured-page panel-first-child panel-last-child\" data-index=\"5\" >\n\n\t<div class=\"page-box  page-box--block\">\n\t\t<a class=\"page-box__picture\" href=\"https:\/\/drarlenecaplan.com\/fr\/tour-de-bureau\/\"><img width=\"525\" height=\"350\" src=\"https:\/\/drarlenecaplan.com\/wp-content\/uploads\/2018\/04\/from-window-525x350.jpg\" class=\"attachment-pw-page-box size-pw-page-box wp-post-image\" alt=\"\" loading=\"lazy\" srcset=\"https:\/\/drarlenecaplan.com\/wp-content\/uploads\/2018\/04\/from-window-525x350.jpg 525w, https:\/\/drarlenecaplan.com\/wp-content\/uploads\/2018\/04\/from-window-300x200.jpg 300w, https:\/\/drarlenecaplan.com\/wp-content\/uploads\/2018\/04\/from-window-768x513.jpg 768w, https:\/\/drarlenecaplan.com\/wp-content\/uploads\/2018\/04\/from-window-272x182.jpg 272w, https:\/\/drarlenecaplan.com\/wp-content\/uploads\/2018\/04\/from-window.jpg 800w\" sizes=\"(max-width: 525px) 100vw, 525px\" \/><\/a>\n\t\t<div class=\"page-box__content\">\n\t\t\t<h5 class=\"page-box__title  text-uppercase\"><a href=\"https:\/\/drarlenecaplan.com\/fr\/tour-de-bureau\/\">Mon bureau<\/a><\/h5>\n\t\t\t<p>Mon cabinet est situ\u00e9 au 3\u00e8me \u00e9tage d'un immeuble historique dans le Vieux-Montr\u00e9al. Vous y trouverez un environnement priv\u00e9, confortable, chaleureux et d\u00e9contract\u00e9, qui respecte la confidentialit\u00e9.<\/p>\n\t\t\t\t<p><a href=\"https:\/\/drarlenecaplan.com\/fr\/tour-de-bureau\/\" class=\"read-more  read-more--page-box\">En savoir plus...<\/a><\/p>\n\t\t<\/div>\n\t<\/div>\n\n<\/div><\/div><\/div><div id=\"pg-952-3\"  class=\"panel-grid panel-has-style\" ><div class=\"panel-row-style panel-row-style-for-952-3\" ><div id=\"pgc-952-3-0\"  class=\"panel-grid-cell\" ><div id=\"panel-952-3-0-0\" class=\"so-panel widget widget_pw_testimonials widget-testimonials panel-first-child\" data-index=\"6\" ><div class=\"panel-widget-style panel-widget-style-for-952-3-0-0\" >\n\n\t<div class=\"testimonial\">\n\t\t\t<a class=\"testimonial__carousel  testimonial__carousel--left\" href=\"#carousel-testimonials-widget-3-0-0\" data-slide=\"prev\"><i class=\"fa  fa-chevron-left\" aria-hidden=\"true\"><\/i><span class=\"sr-only\" role=\"button\">Next<\/span><\/a>\n\n\t\t<h2 class=\"widget-title\">Quelques mots de mes clients&#8230;<\/h2>\n\n\t\t\t<a class=\"testimonial__carousel  testimonial__carousel--right\" href=\"#carousel-testimonials-widget-3-0-0\" data-slide=\"next\"><i class=\"fa  fa-chevron-right\" aria-hidden=\"true\"><\/i><span class=\"sr-only\" role=\"button\">Previous<\/span><\/a>\n\n\t\t<div id=\"carousel-testimonials-widget-3-0-0\" class=\"carousel slide\" data-ride=\"carousel\" data-interval=\"false\">\n\t\t\t<!-- Wrapper for slides -->\n\t\t\t<div class=\"carousel-inner\" role=\"listbox\">\n\t\t\t\t<div class=\"item active\">\n\t\t\t\t\t<div class=\"row\">\n\t\t\t\t\t\t\t\n\t\t\t\t\t\t\t<div class=\"col-xs-12  col-sm-12\">\n\t\t\t\t\t\t\t\t<blockquote>\n\t\t\t\t\t\t\t\t\t<p class=\"testimonial__quote\">\n\t\t\t\t\t\t\t\t\t\tDr. Caplan is a very experienced therapist and you feel this the very first time you meet her. She understood why I was consulting her, the issues were pressing and I needed practical guidance. With time we deepened my understanding and acceptance of myself and of those close to me.\n\t\t\t\t\t\t\t\t\t<\/p>\n\t\t\t\t\t\t\t\t\t<cite class=\"testimonial__author\">\n\t\t\t\t\t\t\t\t\t\tWoman in her 50's\n\t\t\t\t\t\t\t\t\t<\/cite>\n\n\t\t\t\t\t\t\t\t\t\t<div class=\"testimonial__author-description\">\n\t\t\t\t\t\t\t\t\t\t\tIn therapy for 2.5 years\n\t\t\t\t\t\t\t\t\t\t<\/div>\n\n\t\t\t\t\t\t\t\t<\/blockquote>\n\t\t\t\t\t\t\t<\/div>\n\t\t\t\t\t\t\t<\/div><\/div> <div class=\"item\"><div class=\"row\">\n\t\t\t\t\t\t\t<div class=\"col-xs-12  col-sm-12\">\n\t\t\t\t\t\t\t\t<blockquote>\n\t\t\t\t\t\t\t\t\t<p class=\"testimonial__quote\">\n\t\t\t\t\t\t\t\t\t\tI may just be maturing instead of drifting through life. Absorbing the shocks and coasting along, I was at a loss to make sense of the pain. Now joy doesn't seem so elusive.\n\t\t\t\t\t\t\t\t\t<\/p>\n\t\t\t\t\t\t\t\t\t<cite class=\"testimonial__author\">\n\t\t\t\t\t\t\t\t\t\tMan in 30's\n\t\t\t\t\t\t\t\t\t<\/cite>\n\n\t\t\t\t\t\t\t\t\t\t<div class=\"testimonial__author-description\">\n\t\t\t\t\t\t\t\t\t\t\tIn therapy for 3.5 years\n\t\t\t\t\t\t\t\t\t\t<\/div>\n\n\t\t\t\t\t\t\t\t<\/blockquote>\n\t\t\t\t\t\t\t<\/div>\n\t\t\t\t\t\t\t<\/div><\/div> <div class=\"item\"><div class=\"row\">\n\t\t\t\t\t\t\t<div class=\"col-xs-12  col-sm-12\">\n\t\t\t\t\t\t\t\t<blockquote>\n\t\t\t\t\t\t\t\t\t<p class=\"testimonial__quote\">\n\t\t\t\t\t\t\t\t\t\tI became more independent and a more positive person. I am more aware of my environment and more knowledgeable of what brings me up or down. She brought out the best in me and I am thankful to her.\n\t\t\t\t\t\t\t\t\t<\/p>\n\t\t\t\t\t\t\t\t\t<cite class=\"testimonial__author\">\n\t\t\t\t\t\t\t\t\t\tWoman in mid-30's\n\t\t\t\t\t\t\t\t\t<\/cite>\n\n\t\t\t\t\t\t\t\t\t\t<div class=\"testimonial__author-description\">\n\t\t\t\t\t\t\t\t\t\t\tIn therapy for 15 years\n\t\t\t\t\t\t\t\t\t\t<\/div>\n\n\t\t\t\t\t\t\t\t<\/blockquote>\n\t\t\t\t\t\t\t<\/div>\n\t\t\t\t\t<\/div>\n\t\t\t\t<\/div>\n\t\t\t<\/div>\n\t\t<\/div>\n\t<\/div>\n\n<\/div><\/div><div id=\"panel-952-3-0-1\" class=\"so-panel widget widget_sow-button\" data-index=\"7\" ><div\n\t\t\t\n\t\t\tclass=\"so-widget-sow-button so-widget-sow-button-flat-b95b9238fcf4-952\"\n\t\t\t\n\t\t><div class=\"ow-button-base ow-button-align-center\"\n>\n\t\t\t<a\n\t\t\t\t\thref=\"https:\/\/drarlenecaplan.com\/testimonials\/\"\n\t\t\t\t\tclass=\"sowb-button ow-icon-placement-left ow-button-hover\" \t>\n\t\t<span>\n\t\t\t<span class=\"sow-icon-fontawesome sow-fas\" data-sow-icon=\"&#xf1ae;\"\n\t\tstyle=\"color: #ffffff\" \n\t\taria-hidden=\"true\"><\/span>\n\t\t\tLisez-en plus sur la fa\u00e7on dont la th\u00e9rapie a aid\u00e9 mes clients.\t\t<\/span>\n\t\t\t<\/a>\n\t<\/div>\n<\/div><\/div><div id=\"panel-952-3-0-2\" class=\"so-panel widget widget_akismet_widget panel-last-child\" data-index=\"8\" ><h3 class=\"widget-title\">Spam Blocked<\/h3>\n\t\t<style>\n\t\t\t.a-stats {\n\t\t\t\t--akismet-color-mid-green: #357b49;\n\t\t\t\t--akismet-color-white: #fff;\n\t\t\t\t--akismet-color-light-grey: #f6f7f7;\n\n\t\t\t\tmax-width: 350px;\n\t\t\t\twidth: auto;\n\t\t\t}\n\n\t\t\t.a-stats * {\n\t\t\t\tall: unset;\n\t\t\t\tbox-sizing: border-box;\n\t\t\t}\n\n\t\t\t.a-stats strong {\n\t\t\t\tfont-weight: 600;\n\t\t\t}\n\n\t\t\t.a-stats a.a-stats__link,\n\t\t\t.a-stats a.a-stats__link:visited,\n\t\t\t.a-stats a.a-stats__link:active {\n\t\t\t\tbackground: var(--akismet-color-mid-green);\n\t\t\t\tborder: none;\n\t\t\t\tbox-shadow: none;\n\t\t\t\tborder-radius: 8px;\n\t\t\t\tcolor: var(--akismet-color-white);\n\t\t\t\tcursor: pointer;\n\t\t\t\tdisplay: block;\n\t\t\t\tfont-family: -apple-system, BlinkMacSystemFont, 'Segoe UI', 'Roboto', 'Oxygen-Sans', 'Ubuntu', 'Cantarell', 'Helvetica Neue', sans-serif;\n\t\t\t\tfont-weight: 500;\n\t\t\t\tpadding: 12px;\n\t\t\t\ttext-align: center;\n\t\t\t\ttext-decoration: none;\n\t\t\t\ttransition: all 0.2s ease;\n\t\t\t}\n\n\t\t\t\/* Extra specificity to deal with TwentyTwentyOne focus style *\/\n\t\t\t.widget .a-stats a.a-stats__link:focus {\n\t\t\t\tbackground: var(--akismet-color-mid-green);\n\t\t\t\tcolor: var(--akismet-color-white);\n\t\t\t\ttext-decoration: none;\n\t\t\t}\n\n\t\t\t.a-stats a.a-stats__link:hover {\n\t\t\t\tfilter: brightness(110%);\n\t\t\t\tbox-shadow: 0 4px 12px rgba(0, 0, 0, 0.06), 0 0 2px rgba(0, 0, 0, 0.16);\n\t\t\t}\n\n\t\t\t.a-stats .count {\n\t\t\t\tcolor: var(--akismet-color-white);\n\t\t\t\tdisplay: block;\n\t\t\t\tfont-size: 1.5em;\n\t\t\t\tline-height: 1.4;\n\t\t\t\tpadding: 0 13px;\n\t\t\t\twhite-space: nowrap;\n\t\t\t}\n\t\t<\/style>\n\n\t\t<div class=\"a-stats\">\n\t\t\t<a href=\"https:\/\/akismet.com?utm_source=akismet_plugin&amp;utm_campaign=plugin_static_link&amp;utm_medium=in_plugin&amp;utm_content=widget_stats\" class=\"a-stats__link\" target=\"_blank\" rel=\"noopener\" style=\"background-color: var(--akismet-color-mid-green); color: var(--akismet-color-white);\">\n\t\t\t\t<strong class=\"count\">19 ind\u00e9sirable<\/strong> bloqu\u00e9 par <strong>Akismet<\/strong>\t\t\t<\/a>\n\t\t<\/div>\n\n\t\t<\/div><\/div><\/div><\/div><\/div>","protected":false},"excerpt":{"rendered":"<p>Je travaille en pratique priv\u00e9e depuis plus de 35 ans avec des adultes et des enfants de tous \u00e2ges. Je traite les clients individuellement, en couple, ou avec leurs familles, en fonction de leurs besoins, pr\u00e9f\u00e9rences et objectifs. Mon cabinet de th\u00e9rapie, situ\u00e9 au troisi\u00e8me \u00e9tage d&rsquo;un b\u00e2timent historique dans le Vieux-Montr\u00e9al, est un espace &hellip;<\/p>\n","protected":false},"author":2,"featured_media":0,"parent":0,"menu_order":0,"comment_status":"closed","ping_status":"closed","template":"template-front-page-with-slider.php","meta":{"_monsterinsights_skip_tracking":false,"_monsterinsights_sitenote_active":false,"_monsterinsights_sitenote_note":"","_monsterinsights_sitenote_category":0},"_links":{"self":[{"href":"https:\/\/drarlenecaplan.com\/fr\/wp-json\/wp\/v2\/pages\/952"}],"collection":[{"href":"https:\/\/drarlenecaplan.com\/fr\/wp-json\/wp\/v2\/pages"}],"about":[{"href":"https:\/\/drarlenecaplan.com\/fr\/wp-json\/wp\/v2\/types\/page"}],"author":[{"embeddable":true,"href":"https:\/\/drarlenecaplan.com\/fr\/wp-json\/wp\/v2\/users\/2"}],"replies":[{"embeddable":true,"href":"https:\/\/drarlenecaplan.com\/fr\/wp-json\/wp\/v2\/comments?post=952"}],"version-history":[{"count":16,"href":"https:\/\/drarlenecaplan.com\/fr\/wp-json\/wp\/v2\/pages\/952\/revisions"}],"predecessor-version":[{"id":1594,"href":"https:\/\/drarlenecaplan.com\/fr\/wp-json\/wp\/v2\/pages\/952\/revisions\/1594"}],"wp:attachment":[{"href":"https:\/\/drarlenecaplan.com\/fr\/wp-json\/wp\/v2\/media?parent=952"}],"curies":[{"name":"wp","href":"https:\/\/api.w.org\/{rel}","templated":true}]}}