{"id":939,"date":"2015-02-18T14:54:30","date_gmt":"2015-02-18T14:54:30","guid":{"rendered":"http:\/\/drarlenecaplan.com\/make-an-appointment\/?lang=fr"},"modified":"2016-03-13T23:48:07","modified_gmt":"2016-03-13T23:48:07","slug":"fixez-un-rendez-vous","status":"publish","type":"page","link":"https:\/\/drarlenecaplan.com\/fr\/fixez-un-rendez-vous\/","title":{"rendered":"Fixez un rendez-vous"},"content":{"rendered":"<div id=\"pl-939\"  class=\"panel-layout\" ><div id=\"pg-939-0\"  class=\"panel-grid panel-has-style\" ><div class=\"panel-row-style panel-row-style-for-939-0\" ><div id=\"pgc-939-0-0\"  class=\"panel-grid-cell\" ><div id=\"panel-939-0-0-0\" class=\"so-panel widget widget_text panel-first-child\" data-index=\"0\" >\t\t\t<div class=\"textwidget\"><div role=\"form\" class=\"wpcf7\" id=\"wpcf7-f937-o1\" lang=\"en-US\" dir=\"ltr\">\n<div class=\"screen-reader-response\"><p role=\"status\" aria-live=\"polite\" aria-atomic=\"true\"><\/p> <ul><\/ul><\/div>\n<form action=\"\/fr\/wp-json\/wp\/v2\/pages\/939#wpcf7-f937-o1\" method=\"post\" class=\"wpcf7-form init\" novalidate=\"novalidate\" data-status=\"init\">\n<div style=\"display: none;\">\n<input type=\"hidden\" name=\"_wpcf7\" value=\"937\" \/>\n<input type=\"hidden\" name=\"_wpcf7_version\" value=\"5.6.1\" \/>\n<input type=\"hidden\" name=\"_wpcf7_locale\" value=\"en_US\" \/>\n<input type=\"hidden\" name=\"_wpcf7_unit_tag\" value=\"wpcf7-f937-o1\" \/>\n<input type=\"hidden\" name=\"_wpcf7_container_post\" value=\"0\" \/>\n<input type=\"hidden\" name=\"_wpcf7_posted_data_hash\" value=\"\" \/>\n<\/div>\n<div class=\"row\">\n<div class=\"col-xs-12  col-sm-6\">\n      <span class=\"wpcf7-form-control-wrap\" data-name=\"your-name-first\"><input type=\"text\" name=\"your-name-first\" value=\"\" size=\"40\" class=\"wpcf7-form-control wpcf7-text wpcf7-validates-as-required\" aria-required=\"true\" aria-invalid=\"false\" placeholder=\"Pr\u00e9nom\" \/><\/span><br \/>\n      <span class=\"wpcf7-form-control-wrap\" data-name=\"your-name-last\"><input type=\"text\" name=\"your-name-last\" value=\"\" size=\"40\" class=\"wpcf7-form-control wpcf7-text wpcf7-validates-as-required\" aria-required=\"true\" aria-invalid=\"false\" placeholder=\"Nom de famille\" \/><\/span>\n    <\/div>\n<div class=\"col-xs-12  col-sm-6\">\n<span class=\"wpcf7-form-control-wrap\" data-name=\"your-email\"><input type=\"email\" name=\"your-email\" value=\"\" size=\"40\" class=\"wpcf7-form-control wpcf7-text wpcf7-email wpcf7-validates-as-required wpcf7-validates-as-email\" aria-required=\"true\" aria-invalid=\"false\" placeholder=\"Courriel\" \/><\/span><br \/>\n<span class=\"wpcf7-form-control-wrap\" data-name=\"your-tel\"><input type=\"tel\" name=\"your-tel\" value=\"\" size=\"40\" class=\"wpcf7-form-control wpcf7-text wpcf7-tel wpcf7-validates-as-required wpcf7-validates-as-tel\" aria-required=\"true\" aria-invalid=\"false\" placeholder=\"T\u00e9l\u00e9phone\" \/><\/span>\n    <\/div>\n<div class=\"col-xs-12  col-sm-6\">\nComment avez-vous pris connaissance de moi?<br \/>\n<span class=\"wpcf7-form-control-wrap\" data-name=\"Howdidyouhearaboutme\"><select name=\"Howdidyouhearaboutme\" class=\"wpcf7-form-control wpcf7-select\" aria-invalid=\"false\"><option value=\"Google\">Google<\/option><option value=\"Ami ou amie\/coll\u00e8gue\/famille\">Ami ou amie\/coll\u00e8gue\/famille<\/option><option value=\"R\u00e9f\u00e9r\u00e9 par client actuel\">R\u00e9f\u00e9r\u00e9 par client actuel<\/option><option value=\"R\u00e9f\u00e9r\u00e9 par un professionnel en sant\u00e9\">R\u00e9f\u00e9r\u00e9 par un professionnel en sant\u00e9<\/option><option value=\"l&#039;Ordre des psychologues du Qu\u00e9bec\">l&#039;Ordre des psychologues du Qu\u00e9bec<\/option><option value=\"Other\">Other<\/option><\/select><\/span><br \/>\n<br\/>\n<\/div>\n<\/div class>\n<span class=\"wpcf7-form-control-wrap\" data-name=\"your-message\"><textarea name=\"your-message\" cols=\"40\" rows=\"10\" class=\"wpcf7-form-control wpcf7-textarea\" aria-invalid=\"false\" placeholder=\"Comment puis-je vous aider?\"><\/textarea><\/span><\/p>\n<p>Veuillez saisir les caract\u00e8res ci-dessous dans la case :<br \/>\n<input type=\"hidden\" name=\"_wpcf7_captcha_challenge_captcha-2\" value=\"3454109391\" \/><img class=\"wpcf7-form-control wpcf7-captchac wpcf7-captcha-captcha-2\" width=\"84\" height=\"28\" alt=\"captcha\" src=\"https:\/\/drarlenecaplan.com\/wp-content\/uploads\/wpcf7_captcha\/3454109391.png\" \/> <span class=\"wpcf7-form-control-wrap\" data-name=\"captcha-2\"><input type=\"text\" name=\"captcha-2\" value=\"\" size=\"4\" maxlength=\"4\" class=\"wpcf7-form-control wpcf7-captchar\" autocomplete=\"off\" aria-invalid=\"false\" \/><\/span><\/p>\n<p><input type=\"submit\" value=\"ENVOIE MESSAGE\" class=\"wpcf7-form-control has-spinner wpcf7-submit btn btn-primary\" \/><\/p>\n<p style=\"display: none !important;\" class=\"akismet-fields-container\" data-prefix=\"_wpcf7_ak_\"><label>&#916;<textarea name=\"_wpcf7_ak_hp_textarea\" cols=\"45\" rows=\"8\" maxlength=\"100\"><\/textarea><\/label><input type=\"hidden\" id=\"ak_js_1\" name=\"_wpcf7_ak_js\" value=\"183\"\/><script>document.getElementById( \"ak_js_1\" ).setAttribute( \"value\", ( new Date() ).getTime() );<\/script><\/p><div class=\"wpcf7-response-output\" aria-hidden=\"true\"><\/div><\/form><\/div><\/div>\n\t\t<\/div><div id=\"panel-939-0-0-1\" class=\"so-panel widget widget_pw_testimonials widget-testimonials panel-last-child\" data-index=\"1\" >\n\n\t<div class=\"testimonial\">\n\n\t\t<h2 class=\"widget-title\"> <\/h2>\n\n\n\t\t<div id=\"carousel-testimonials-widget-0-0-1\" class=\"carousel slide\" data-ride=\"carousel\" data-interval=\"false\">\n\t\t\t<!-- Wrapper for slides -->\n\t\t\t<div class=\"carousel-inner\" role=\"listbox\">\n\t\t\t\t<div class=\"item active\">\n\t\t\t\t\t<div class=\"row\">\n\t\t\t\t\t\t\t\n\t\t\t\t\t\t\t<div class=\"col-xs-12  col-sm-12\">\n\t\t\t\t\t\t\t\t<blockquote>\n\t\t\t\t\t\t\t\t\t<p class=\"testimonial__quote\">\n\t\t\t\t\t\t\t\t\t\tPour Dr Caplan, le support ne consiste pas seulement \u00e0 \u00e9couter et \u00e0 \u00eatre disponible, il consiste aussi \u00e0 faire des suggestions, \u00e0 donner des conseils concrets, \u00e0 insuffler de l'\u00e9nergie, bref \u00e0 jouer un r\u00f4le r\u00e9ellement supportant dans la vie r\u00e9elle.\n\t\t\t\t\t\t\t\t\t<\/p>\n\t\t\t\t\t\t\t\t\t<cite class=\"testimonial__author\">\n\t\t\t\t\t\t\t\t\t\tHomme dans la cinquantaine\n\t\t\t\t\t\t\t\t\t<\/cite>\n\n\t\t\t\t\t\t\t\t\t\t<div class=\"testimonial__author-description\">\n\t\t\t\t\t\t\t\t\t\t\tEn th\u00e9rapie pour 2.5 ann\u00e9es\n\t\t\t\t\t\t\t\t\t\t<\/div>\n\n\t\t\t\t\t\t\t\t<\/blockquote>\n\t\t\t\t\t\t\t<\/div>\n\t\t\t\t\t<\/div>\n\t\t\t\t<\/div>\n\t\t\t<\/div>\n\t\t<\/div>\n\t<\/div>\n\n<\/div><\/div><\/div><\/div><div id=\"pg-939-1\"  class=\"panel-grid panel-has-style\" ><div class=\"panel-row-style panel-row-style-for-939-1\" ><div id=\"pgc-939-1-0\"  class=\"panel-grid-cell\" ><div id=\"panel-939-1-0-0\" class=\"so-panel widget widget_pw_featured_page widget-featured-page panel-first-child panel-last-child\" data-index=\"2\" >\n\n\t<div class=\"page-box  page-box--inline\">\n\t\t<a class=\"page-box__picture\" href=\"https:\/\/drarlenecaplan.com\/fr\/honoraires-planfication\/\"><\/a>\n\t\t<div class=\"page-box__content\">\n\t\t\t<h5 class=\"page-box__title  text-uppercase\"><a href=\"https:\/\/drarlenecaplan.com\/fr\/honoraires-planfication\/\">Honoraires et planification<\/a><\/h5>\n\t\t\t<p>J\u2019offre les rendez-vous selon un horaire flexible, soit pendant &hellip;<\/p>\n\t\t<\/div>\n\t<\/div>\n\n<\/div><\/div><div id=\"pgc-939-1-1\"  class=\"panel-grid-cell\" ><div id=\"panel-939-1-1-0\" class=\"so-panel widget widget_pw_featured_page widget-featured-page panel-first-child panel-last-child\" data-index=\"3\" >\n\n\t<div class=\"page-box  page-box--inline\">\n\t\t<a class=\"page-box__picture\" href=\"https:\/\/drarlenecaplan.com\/fr\/location\/\"><img width=\"100\" height=\"70\" src=\"https:\/\/drarlenecaplan.com\/wp-content\/uploads\/2018\/04\/Youville-100x70.jpg\" class=\"attachment-pw-inline size-pw-inline wp-post-image\" alt=\"\" loading=\"lazy\" srcset=\"https:\/\/drarlenecaplan.com\/wp-content\/uploads\/2018\/04\/Youville-100x70.jpg 100w, https:\/\/drarlenecaplan.com\/wp-content\/uploads\/2018\/04\/Youville-270x190.jpg 270w\" sizes=\"(max-width: 100px) 100vw, 100px\" \/><\/a>\n\t\t<div class=\"page-box__content\">\n\t\t\t<h5 class=\"page-box__title  text-uppercase\"><a href=\"https:\/\/drarlenecaplan.com\/fr\/location\/\">Emplacement<\/a><\/h5>\n\t\t\t<p>Mon cabinet se situe dans un b\u00e2timent historique dans le Vieux-Montr\u00e9al, &hellip;<\/p>\n\t\t<\/div>\n\t<\/div>\n\n<\/div><\/div><\/div><\/div><\/div>","protected":false},"excerpt":{"rendered":"<p>Comment avez-vous pris connaissance de moi? GoogleAmi ou amie\/coll\u00e8gue\/familleR\u00e9f\u00e9r\u00e9 par client actuelR\u00e9f\u00e9r\u00e9 par un professionnel en sant\u00e9l&#039;Ordre des psychologues du Qu\u00e9becOther Veuillez saisir les caract\u00e8res ci-dessous dans la case : &#916; Pour Dr Caplan, le support ne consiste pas seulement \u00e0 \u00e9couter et \u00e0 \u00eatre disponible, il consiste aussi \u00e0 faire des suggestions, \u00e0 donner &hellip;<\/p>\n","protected":false},"author":2,"featured_media":0,"parent":0,"menu_order":0,"comment_status":"closed","ping_status":"closed","template":"","meta":{"_monsterinsights_skip_tracking":false,"_monsterinsights_sitenote_active":false,"_monsterinsights_sitenote_note":"","_monsterinsights_sitenote_category":0},"_links":{"self":[{"href":"https:\/\/drarlenecaplan.com\/fr\/wp-json\/wp\/v2\/pages\/939"}],"collection":[{"href":"https:\/\/drarlenecaplan.com\/fr\/wp-json\/wp\/v2\/pages"}],"about":[{"href":"https:\/\/drarlenecaplan.com\/fr\/wp-json\/wp\/v2\/types\/page"}],"author":[{"embeddable":true,"href":"https:\/\/drarlenecaplan.com\/fr\/wp-json\/wp\/v2\/users\/2"}],"replies":[{"embeddable":true,"href":"https:\/\/drarlenecaplan.com\/fr\/wp-json\/wp\/v2\/comments?post=939"}],"version-history":[{"count":5,"href":"https:\/\/drarlenecaplan.com\/fr\/wp-json\/wp\/v2\/pages\/939\/revisions"}],"predecessor-version":[{"id":1041,"href":"https:\/\/drarlenecaplan.com\/fr\/wp-json\/wp\/v2\/pages\/939\/revisions\/1041"}],"wp:attachment":[{"href":"https:\/\/drarlenecaplan.com\/fr\/wp-json\/wp\/v2\/media?parent=939"}],"curies":[{"name":"wp","href":"https:\/\/api.w.org\/{rel}","templated":true}]}}