{"id":934,"date":"2015-02-18T14:46:11","date_gmt":"2015-02-18T14:46:11","guid":{"rendered":"http:\/\/drarlenecaplan.com\/contact-us\/?lang=fr"},"modified":"2016-03-20T01:51:38","modified_gmt":"2016-03-20T01:51:38","slug":"contactez-moi","status":"publish","type":"page","link":"https:\/\/drarlenecaplan.com\/fr\/contactez-moi\/","title":{"rendered":"Contactez-moi"},"content":{"rendered":"<div id=\"pl-934\"  class=\"panel-layout\" ><div id=\"pg-934-0\"  class=\"panel-grid panel-has-style\" ><div class=\"panel-row-style panel-row-style-for-934-0\" ><div id=\"pgc-934-0-0\"  class=\"panel-grid-cell\" ><div id=\"panel-934-0-0-0\" class=\"so-panel widget widget_black-studio-tinymce widget_black_studio_tinymce panel-first-child panel-last-child\" data-index=\"0\" ><div class=\"textwidget\"><h3>Dre Arlene Caplan<\/h3>\n<h4>137 rue St-Pierre #314<\/h4>\n<h4>Montr\u00e9al QC H2Y 3T5<\/h4>\n<h4>514-894-7172<\/h4>\n<\/div><\/div><\/div><div id=\"pgc-934-0-1\"  class=\"panel-grid-cell\" ><div id=\"panel-934-0-1-0\" class=\"so-panel widget widget_text panel-first-child panel-last-child\" data-index=\"1\" >\t\t\t<div class=\"textwidget\"><div role=\"form\" class=\"wpcf7\" id=\"wpcf7-f937-o1\" lang=\"en-US\" dir=\"ltr\">\n<div class=\"screen-reader-response\"><p role=\"status\" aria-live=\"polite\" aria-atomic=\"true\"><\/p> <ul><\/ul><\/div>\n<form action=\"\/fr\/wp-json\/wp\/v2\/pages\/934#wpcf7-f937-o1\" method=\"post\" class=\"wpcf7-form init\" novalidate=\"novalidate\" data-status=\"init\">\n<div style=\"display: none;\">\n<input type=\"hidden\" name=\"_wpcf7\" value=\"937\" \/>\n<input type=\"hidden\" name=\"_wpcf7_version\" value=\"5.6.1\" \/>\n<input type=\"hidden\" name=\"_wpcf7_locale\" value=\"en_US\" \/>\n<input type=\"hidden\" name=\"_wpcf7_unit_tag\" value=\"wpcf7-f937-o1\" \/>\n<input type=\"hidden\" name=\"_wpcf7_container_post\" value=\"0\" \/>\n<input type=\"hidden\" name=\"_wpcf7_posted_data_hash\" value=\"\" \/>\n<\/div>\n<div class=\"row\">\n<div class=\"col-xs-12  col-sm-6\">\n      <span class=\"wpcf7-form-control-wrap\" data-name=\"your-name-first\"><input type=\"text\" name=\"your-name-first\" value=\"\" size=\"40\" class=\"wpcf7-form-control wpcf7-text wpcf7-validates-as-required\" aria-required=\"true\" aria-invalid=\"false\" placeholder=\"Pr\u00e9nom\" \/><\/span><br \/>\n      <span class=\"wpcf7-form-control-wrap\" data-name=\"your-name-last\"><input type=\"text\" name=\"your-name-last\" value=\"\" size=\"40\" class=\"wpcf7-form-control wpcf7-text wpcf7-validates-as-required\" aria-required=\"true\" aria-invalid=\"false\" placeholder=\"Nom de famille\" \/><\/span>\n    <\/div>\n<div class=\"col-xs-12  col-sm-6\">\n<span class=\"wpcf7-form-control-wrap\" data-name=\"your-email\"><input type=\"email\" name=\"your-email\" value=\"\" size=\"40\" class=\"wpcf7-form-control wpcf7-text wpcf7-email wpcf7-validates-as-required wpcf7-validates-as-email\" aria-required=\"true\" aria-invalid=\"false\" placeholder=\"Courriel\" \/><\/span><br \/>\n<span class=\"wpcf7-form-control-wrap\" data-name=\"your-tel\"><input type=\"tel\" name=\"your-tel\" value=\"\" size=\"40\" class=\"wpcf7-form-control wpcf7-text wpcf7-tel wpcf7-validates-as-required wpcf7-validates-as-tel\" aria-required=\"true\" aria-invalid=\"false\" placeholder=\"T\u00e9l\u00e9phone\" \/><\/span>\n    <\/div>\n<div class=\"col-xs-12  col-sm-6\">\nComment avez-vous pris connaissance de moi?<br \/>\n<span class=\"wpcf7-form-control-wrap\" data-name=\"Howdidyouhearaboutme\"><select name=\"Howdidyouhearaboutme\" class=\"wpcf7-form-control wpcf7-select\" aria-invalid=\"false\"><option value=\"Google\">Google<\/option><option value=\"Ami ou amie\/coll\u00e8gue\/famille\">Ami ou amie\/coll\u00e8gue\/famille<\/option><option value=\"R\u00e9f\u00e9r\u00e9 par client actuel\">R\u00e9f\u00e9r\u00e9 par client actuel<\/option><option value=\"R\u00e9f\u00e9r\u00e9 par un professionnel en sant\u00e9\">R\u00e9f\u00e9r\u00e9 par un professionnel en sant\u00e9<\/option><option value=\"l&#039;Ordre des psychologues du Qu\u00e9bec\">l&#039;Ordre des psychologues du Qu\u00e9bec<\/option><option value=\"Other\">Other<\/option><\/select><\/span><br \/>\n<br\/>\n<\/div>\n<\/div class>\n<span class=\"wpcf7-form-control-wrap\" data-name=\"your-message\"><textarea name=\"your-message\" cols=\"40\" rows=\"10\" class=\"wpcf7-form-control wpcf7-textarea\" aria-invalid=\"false\" placeholder=\"Comment puis-je vous aider?\"><\/textarea><\/span><\/p>\n<p>Veuillez saisir les caract\u00e8res ci-dessous dans la case :<br \/>\n<input type=\"hidden\" name=\"_wpcf7_captcha_challenge_captcha-2\" value=\"57432402\" \/><img class=\"wpcf7-form-control wpcf7-captchac wpcf7-captcha-captcha-2\" width=\"84\" height=\"28\" alt=\"captcha\" src=\"https:\/\/drarlenecaplan.com\/wp-content\/uploads\/wpcf7_captcha\/57432402.png\" \/> <span class=\"wpcf7-form-control-wrap\" data-name=\"captcha-2\"><input type=\"text\" name=\"captcha-2\" value=\"\" size=\"4\" maxlength=\"4\" class=\"wpcf7-form-control wpcf7-captchar\" autocomplete=\"off\" aria-invalid=\"false\" \/><\/span><\/p>\n<p><input type=\"submit\" value=\"ENVOIE MESSAGE\" class=\"wpcf7-form-control has-spinner wpcf7-submit btn btn-primary\" \/><\/p>\n<p style=\"display: none !important;\" class=\"akismet-fields-container\" data-prefix=\"_wpcf7_ak_\"><label>&#916;<textarea name=\"_wpcf7_ak_hp_textarea\" cols=\"45\" rows=\"8\" maxlength=\"100\"><\/textarea><\/label><input type=\"hidden\" id=\"ak_js_1\" name=\"_wpcf7_ak_js\" value=\"58\"\/><script>document.getElementById( \"ak_js_1\" ).setAttribute( \"value\", ( new Date() ).getTime() );<\/script><\/p><div class=\"wpcf7-response-output\" aria-hidden=\"true\"><\/div><\/form><\/div><\/div>\n\t\t<\/div><\/div><\/div><\/div><div id=\"pg-934-1\"  class=\"panel-grid panel-no-style\" ><div id=\"pgc-934-1-0\"  class=\"panel-grid-cell\" ><div id=\"panel-934-1-0-0\" class=\"so-panel widget widget_sow-google-map panel-first-child\" data-index=\"2\" ><div\n\t\t\t\n\t\t\tclass=\"so-widget-sow-google-map so-widget-sow-google-map-default-05ebfd8f3122-934\"\n\t\t\t\n\t\t>\n<div class=\"sow-google-map-canvas\"\n\tstyle=\"\"\n\tid=\"map-canvas-7367753d349f1619d30464ec6ca4d8c0\"\n\tdata-options=\"{&quot;address&quot;:&quot;137 rue St-Pierre Montr\\u00e9al&quot;,&quot;zoom&quot;:12,&quot;mobileZoom&quot;:12,&quot;gestureHandling&quot;:&quot;greedy&quot;,&quot;disableUi&quot;:false,&quot;markerIcon&quot;:false,&quot;markersDraggable&quot;:false,&quot;markerAtCenter&quot;:true,&quot;markerInfoDisplay&quot;:&quot;click&quot;,&quot;markerInfoMultiple&quot;:true,&quot;markerPositions&quot;:false,&quot;mapName&quot;:false,&quot;mapStyles&quot;:false,&quot;directions&quot;:&quot;&quot;,&quot;apiKey&quot;:&quot;&quot;,&quot;breakpoint&quot;:&quot;780&quot;,&quot;id&quot;:&quot;69df04&quot;}\"\n\tdata-fallback-image=\"{&quot;img&quot;:&quot;&quot;}\"><\/div>\n<\/div><\/div><div id=\"panel-934-1-0-1\" class=\"so-panel widget widget_pw_testimonials widget-testimonials\" data-index=\"3\" >\n\n\t<div class=\"testimonial\">\n\n\t\t<h2 class=\"widget-title\">   <\/h2>\n\n\n\t\t<div id=\"carousel-testimonials-widget-1-0-1\" class=\"carousel slide\" data-ride=\"carousel\" data-interval=\"false\">\n\t\t\t<!-- Wrapper for slides -->\n\t\t\t<div class=\"carousel-inner\" role=\"listbox\">\n\t\t\t\t<div class=\"item active\">\n\t\t\t\t\t<div class=\"row\">\n\t\t\t\t\t\t\t\n\t\t\t\t\t\t\t<div class=\"col-xs-12  col-sm-12\">\n\t\t\t\t\t\t\t\t<blockquote>\n\t\t\t\t\t\t\t\t\t<p class=\"testimonial__quote\">\n\t\t\t\t\t\t\t\t\t\tJe me souviens qu'au d\u00e9but, je me sentais d\u00e9munie face \u00e0 ce qui m'arrivait et je n'avais aucun point de rep\u00e8re, personne vers qui je pouvais me tourner pour me guider...Dr Caplan m'avait alors dit : &quot; Tu n'es pas seule, tu m'as...&quot; Cette r\u00e9ponse a fait toute la diff\u00e9rence dans ma vie...\n\t\t\t\t\t\t\t\t\t<\/p>\n\t\t\t\t\t\t\t\t\t<cite class=\"testimonial__author\">\n\t\t\t\t\t\t\t\t\t\tFemme dans la quarantaine\n\t\t\t\t\t\t\t\t\t<\/cite>\n\n\t\t\t\t\t\t\t\t\t\t<div class=\"testimonial__author-description\">\n\t\t\t\t\t\t\t\t\t\t\tEn th\u00e9rapie 3.5 ans\n\t\t\t\t\t\t\t\t\t\t<\/div>\n\n\t\t\t\t\t\t\t\t<\/blockquote>\n\t\t\t\t\t\t\t<\/div>\n\t\t\t\t\t<\/div>\n\t\t\t\t<\/div>\n\t\t\t<\/div>\n\t\t<\/div>\n\t<\/div>\n\n<\/div><div id=\"panel-934-1-0-2\" class=\"so-panel widget widget_pw_featured_page widget-featured-page panel-last-child\" data-index=\"4\" >\n\n\t<div class=\"page-box  page-box--block\">\n\t\t<a class=\"page-box__picture\" href=\"https:\/\/drarlenecaplan.com\/fr\/location\/\"><img width=\"525\" height=\"350\" src=\"https:\/\/drarlenecaplan.com\/wp-content\/uploads\/2018\/04\/Youville-525x350.jpg\" class=\"attachment-pw-page-box size-pw-page-box wp-post-image\" alt=\"\" loading=\"lazy\" srcset=\"https:\/\/drarlenecaplan.com\/wp-content\/uploads\/2018\/04\/Youville-525x350.jpg 525w, https:\/\/drarlenecaplan.com\/wp-content\/uploads\/2018\/04\/Youville-272x182.jpg 272w\" sizes=\"(max-width: 525px) 100vw, 525px\" \/><\/a>\n\t\t<div class=\"page-box__content\">\n\t\t\t<h5 class=\"page-box__title  text-uppercase\"><a href=\"https:\/\/drarlenecaplan.com\/fr\/location\/\">Emplacement<\/a><\/h5>\n\t\t\t<p>Mon cabinet se situe dans un b\u00e2timent historique dans le Vieux-Montr\u00e9al, \u00e0 proximit\u00e9 du centre-ville, des quartiers financiers et d\u2019affaires, ainsi que des universit\u00e9s de Montr\u00e9al. Il est ais\u00e9ment accessible en voiture et au moyen des &hellip;<\/p>\n\t\t\t\t<p><a href=\"https:\/\/drarlenecaplan.com\/fr\/location\/\" class=\"read-more  read-more--page-box\">En savoir plus...<\/a><\/p>\n\t\t<\/div>\n\t<\/div>\n\n<\/div><\/div><\/div><\/div>","protected":false},"excerpt":{"rendered":"<p>Dre Arlene Caplan137 rue St-Pierre #314Montr\u00e9al QC H2Y 3T5514-894-7172<\/p>\n","protected":false},"author":2,"featured_media":0,"parent":0,"menu_order":0,"comment_status":"closed","ping_status":"closed","template":"","meta":{"_monsterinsights_skip_tracking":false,"_monsterinsights_sitenote_active":false,"_monsterinsights_sitenote_note":"","_monsterinsights_sitenote_category":0},"_links":{"self":[{"href":"https:\/\/drarlenecaplan.com\/fr\/wp-json\/wp\/v2\/pages\/934"}],"collection":[{"href":"https:\/\/drarlenecaplan.com\/fr\/wp-json\/wp\/v2\/pages"}],"about":[{"href":"https:\/\/drarlenecaplan.com\/fr\/wp-json\/wp\/v2\/types\/page"}],"author":[{"embeddable":true,"href":"https:\/\/drarlenecaplan.com\/fr\/wp-json\/wp\/v2\/users\/2"}],"replies":[{"embeddable":true,"href":"https:\/\/drarlenecaplan.com\/fr\/wp-json\/wp\/v2\/comments?post=934"}],"version-history":[{"count":5,"href":"https:\/\/drarlenecaplan.com\/fr\/wp-json\/wp\/v2\/pages\/934\/revisions"}],"predecessor-version":[{"id":1098,"href":"https:\/\/drarlenecaplan.com\/fr\/wp-json\/wp\/v2\/pages\/934\/revisions\/1098"}],"wp:attachment":[{"href":"https:\/\/drarlenecaplan.com\/fr\/wp-json\/wp\/v2\/media?parent=934"}],"curies":[{"name":"wp","href":"https:\/\/api.w.org\/{rel}","templated":true}]}}