{"id":925,"date":"2015-03-05T12:49:48","date_gmt":"2015-03-05T12:49:48","guid":{"rendered":"http:\/\/drarlenecaplan.com\/fees-scheduling\/?lang=fr"},"modified":"2025-06-28T18:18:45","modified_gmt":"2025-06-28T18:18:45","slug":"honoraires-planfication","status":"publish","type":"page","link":"https:\/\/drarlenecaplan.com\/fr\/honoraires-planfication\/","title":{"rendered":"Honoraires et planification"},"content":{"rendered":"<div id=\"pl-925\"  class=\"panel-layout\" ><div id=\"pg-925-0\"  class=\"panel-grid panel-no-style\" ><div id=\"pgc-925-0-0\"  class=\"panel-grid-cell\" ><div id=\"panel-925-0-0-0\" class=\"so-panel widget widget_black-studio-tinymce widget_black_studio_tinymce panel-first-child\" data-index=\"0\" ><h3 class=\"widget-title\">Rendez-vous et planification des rencontres<\/h3><div class=\"textwidget\"><p>J\u2019offre les rendez-vous selon un horaire flexible, soit pendant la journ\u00e9e ou en soir\u00e9e. Les s\u00e9ances durent 50 minutes et les rendez-vous sont fix\u00e9s \u00e0 des moments qui nous conviennent mutuellement. Certains clients pr\u00e9f\u00e8rent prendre rendez-vous dans la m\u00eame plage horaire chaque semaine, alors que d\u2019autres ont besoin de rendez-vous plus souples. Nous pouvons d\u00e9terminer cela ensemble.<\/p>\n<\/div><\/div><div id=\"panel-925-0-0-1\" class=\"so-panel widget widget_black-studio-tinymce widget_black_studio_tinymce\" data-index=\"1\" ><h3 class=\"widget-title\">Frais et paiements<\/h3><div class=\"textwidget\"><p><span style=\"font-weight: 400;\">Il faut pr\u00e9voir des frais de 225 $ par s\u00e9ance individuelle et pour les s\u00e9ances de th\u00e9rapie conjugale ou familiale. Les honoraires sont pay\u00e9s au terme de chaque s\u00e9ance. A ce moment-l\u00e0, vous obtiendrez un re\u00e7u officiel aux fins de l\u2019imp\u00f4t et pour vos assurances. Il est possible de payer en esp\u00e8ces, par ch\u00e8que, par virement \u00e9lectronique Interac ou avec une carte de cr\u00e9dit. Un suppl\u00e9ment de 8 $ par s\u00e9ance sera appliqu\u00e9 aux paiements par carte de cr\u00e9dit.<\/span><\/p>\n<\/div><\/div><div id=\"panel-925-0-0-2\" class=\"so-panel widget widget_black-studio-tinymce widget_black_studio_tinymce panel-last-child\" data-index=\"2\" ><h3 class=\"widget-title\">Politique d&rsquo;annulation<\/h3><div class=\"textwidget\"><p><span style=\"font-weight: 400;\">Les rendez-vous manqu\u00e9s ou annul\u00e9s <\/span><i><span style=\"font-weight: 400;\">moins de 24 heures \u00e0 l\u2019avance<\/span><\/i><span style=\"font-weight: 400;\"> seront factur\u00e9s au plein tarif. Cependant, s\u2019il est possible de reporter votre rendez-vous <\/span><i><span style=\"font-weight: 400;\">au cours de la m\u00eame semaine<\/span><\/i><span style=\"font-weight: 400;\">, aucuns frais ne seront factur\u00e9s pour la s\u00e9ance manqu\u00e9e ou annul\u00e9e.<\/span><\/p>\n<\/div><\/div><\/div><\/div><div id=\"pg-925-1\"  class=\"panel-grid panel-no-style\" ><div id=\"pgc-925-1-0\"  class=\"panel-grid-cell\" ><div id=\"panel-925-1-0-0\" class=\"so-panel widget widget_sow-button panel-first-child\" data-index=\"3\" ><div\n\t\t\t\n\t\t\tclass=\"so-widget-sow-button so-widget-sow-button-atom-741101fe71ba-925\"\n\t\t\t\n\t\t><div class=\"ow-button-base ow-button-align-center\"\n>\n\t\t\t<a\n\t\t\t\t\thref=\"https:\/\/drarlenecaplan.com\/fr\/code-of-ethics\/\"\n\t\t\t\t\tclass=\"sowb-button ow-icon-placement-left ow-button-hover\" target=\"_blank\" rel=\"noopener noreferrer\" \t>\n\t\t<span>\n\t\t\t<span class=\"sow-icon-fontawesome sow-fas\" data-sow-icon=\"&#xf02d;\"\n\t\tstyle=\"color: #ffffff\" \n\t\taria-hidden=\"true\"><\/span>\n\t\t\tMon devoir et mes obligations\t\t<\/span>\n\t\t\t<\/a>\n\t<\/div>\n<\/div><\/div><div id=\"panel-925-1-0-1\" class=\"so-panel widget widget_sow-button panel-last-child\" data-index=\"4\" ><div\n\t\t\t\n\t\t\tclass=\"so-widget-sow-button so-widget-sow-button-flat-741101fe71ba-925\"\n\t\t\t\n\t\t><div class=\"ow-button-base ow-button-align-center\"\n>\n\t\t\t<a\n\t\t\t\t\thref=\"https:\/\/docs.google.com\/forms\/d\/10waEBsKYBeOYDbk-ka0niqOtnmwrOg8hxe1j4Yj14iI\/viewform?usp=send_form\"\n\t\t\t\t\tclass=\"sowb-button ow-icon-placement-left ow-button-hover\" target=\"_blank\" rel=\"noopener noreferrer\" \t>\n\t\t<span>\n\t\t\t<span class=\"sow-icon-fontawesome sow-far\" data-sow-icon=\"&#xf11c;\"\n\t\tstyle=\"color: #ffffff\" \n\t\taria-hidden=\"true\"><\/span>\n\t\t\tVeuillez remplir ce formulaire avant votre premier rendez-vous\t\t<\/span>\n\t\t\t<\/a>\n\t<\/div>\n<\/div><\/div><\/div><\/div><div id=\"pg-925-2\"  class=\"panel-grid panel-no-style\" ><div id=\"pgc-925-2-0\"  class=\"panel-grid-cell\" ><div id=\"panel-925-2-0-0\" class=\"so-panel widget widget_pw_testimonials widget-testimonials panel-first-child\" data-index=\"5\" >\n\n\t<div class=\"testimonial\">\n\n\t\t<h2 class=\"widget-title\"> <\/h2>\n\n\n\t\t<div id=\"carousel-testimonials-widget-2-0-0\" class=\"carousel slide\" data-ride=\"carousel\" data-interval=\"false\">\n\t\t\t<!-- Wrapper for slides -->\n\t\t\t<div class=\"carousel-inner\" role=\"listbox\">\n\t\t\t\t<div class=\"item active\">\n\t\t\t\t\t<div class=\"row\">\n\t\t\t\t\t\t\t\n\t\t\t\t\t\t\t<div class=\"col-xs-12  col-sm-12\">\n\t\t\t\t\t\t\t\t<blockquote>\n\t\t\t\t\t\t\t\t\t<p class=\"testimonial__quote\">\n\t\t\t\t\t\t\t\t\t\tJ'ai trouv\u00e9 aupr\u00e8s de Dr Caplan non seulement l'\u00e9coute dont j'avais besoin et l'acceptation de qui je suis, mais aussi une interlocutrice avec laquelle je pouvais examiner mon exp\u00e9rience, &quot;tester&quot; mes plans et obtenir des conseils. Toute cette d\u00e9marche fut tr\u00e8s positive dans ma vie et me sert encore de r\u00e9f\u00e9rence aujourd'hui.\n\t\t\t\t\t\t\t\t\t<\/p>\n\t\t\t\t\t\t\t\t\t<cite class=\"testimonial__author\">\n\t\t\t\t\t\t\t\t\t\tHomme dans la cinquantaine\n\t\t\t\t\t\t\t\t\t<\/cite>\n\n\t\t\t\t\t\t\t\t\t\t<div class=\"testimonial__author-description\">\n\t\t\t\t\t\t\t\t\t\t\tEn th\u00e9rapie 2.5 ans\n\t\t\t\t\t\t\t\t\t\t<\/div>\n\n\t\t\t\t\t\t\t\t<\/blockquote>\n\t\t\t\t\t\t\t<\/div>\n\t\t\t\t\t<\/div>\n\t\t\t\t<\/div>\n\t\t\t<\/div>\n\t\t<\/div>\n\t<\/div>\n\n<\/div><div id=\"panel-925-2-0-1\" class=\"so-panel widget widget_sow-button panel-last-child\" data-index=\"6\" ><div\n\t\t\t\n\t\t\tclass=\"so-widget-sow-button so-widget-sow-button-flat-6ee5984746c6-925\"\n\t\t\t\n\t\t><div class=\"ow-button-base ow-button-align-center\"\n>\n\t\t\t<a\n\t\t\t\t\thref=\"https:\/\/drarlenecaplan.com\/fr\/contactez-moi\/\"\n\t\t\t\t\tclass=\"sowb-button ow-icon-placement-left ow-button-hover\" \t>\n\t\t<span>\n\t\t\t<span class=\"sow-icon-fontawesome sow-far\" data-sow-icon=\"&#xf11c;\"\n\t\tstyle=\"color: #ffffff\" \n\t\taria-hidden=\"true\"><\/span>\n\t\t\tContactez-moi pour plus d'informations ou pour fixez un rendez-vous\t\t<\/span>\n\t\t\t<\/a>\n\t<\/div>\n<\/div><\/div><\/div><\/div><\/div>","protected":false},"excerpt":{"rendered":"<p>J\u2019offre les rendez-vous selon un horaire flexible, soit pendant la journ\u00e9e ou en soir\u00e9e. Les s\u00e9ances durent 50 minutes et les rendez-vous sont fix\u00e9s \u00e0 des moments qui nous conviennent mutuellement. <\/p>\n","protected":false},"author":2,"featured_media":0,"parent":0,"menu_order":0,"comment_status":"closed","ping_status":"closed","template":"","meta":{"_monsterinsights_skip_tracking":false,"_monsterinsights_sitenote_active":false,"_monsterinsights_sitenote_note":"","_monsterinsights_sitenote_category":0},"_links":{"self":[{"href":"https:\/\/drarlenecaplan.com\/fr\/wp-json\/wp\/v2\/pages\/925"}],"collection":[{"href":"https:\/\/drarlenecaplan.com\/fr\/wp-json\/wp\/v2\/pages"}],"about":[{"href":"https:\/\/drarlenecaplan.com\/fr\/wp-json\/wp\/v2\/types\/page"}],"author":[{"embeddable":true,"href":"https:\/\/drarlenecaplan.com\/fr\/wp-json\/wp\/v2\/users\/2"}],"replies":[{"embeddable":true,"href":"https:\/\/drarlenecaplan.com\/fr\/wp-json\/wp\/v2\/comments?post=925"}],"version-history":[{"count":14,"href":"https:\/\/drarlenecaplan.com\/fr\/wp-json\/wp\/v2\/pages\/925\/revisions"}],"predecessor-version":[{"id":1593,"href":"https:\/\/drarlenecaplan.com\/fr\/wp-json\/wp\/v2\/pages\/925\/revisions\/1593"}],"wp:attachment":[{"href":"https:\/\/drarlenecaplan.com\/fr\/wp-json\/wp\/v2\/media?parent=925"}],"curies":[{"name":"wp","href":"https:\/\/api.w.org\/{rel}","templated":true}]}}