{"id":918,"date":"2015-10-22T19:16:25","date_gmt":"2015-10-22T19:16:25","guid":{"rendered":"http:\/\/drarlenecaplan.com\/location\/?lang=fr"},"modified":"2018-05-17T02:15:31","modified_gmt":"2018-05-17T02:15:31","slug":"location","status":"publish","type":"page","link":"https:\/\/drarlenecaplan.com\/fr\/location\/","title":{"rendered":"Emplacement"},"content":{"rendered":"<div id=\"pl-918\"  class=\"panel-layout\" ><div id=\"pg-918-0\"  class=\"panel-grid panel-no-style\" ><div id=\"pgc-918-0-0\"  class=\"panel-grid-cell\" ><div id=\"panel-918-0-0-0\" class=\"so-panel widget widget_sow-editor panel-first-child\" data-index=\"0\" ><div\n\t\t\t\n\t\t\tclass=\"so-widget-sow-editor so-widget-sow-editor-base\"\n\t\t\t\n\t\t>\n<div class=\"siteorigin-widget-tinymce textwidget\">\n\t<h3>Mon cabinet se situe dans le b\u00e2timent patrimoine William Hutchison dans le Vieux-Montr\u00e9al, \u00e0 proximit\u00e9 du centre-ville, des quartiers financiers et d\u2019affaires, ainsi que des universit\u00e9s de Montr\u00e9al. Il est ais\u00e9ment accessible en voiture et au moyen des transports publics.<\/h3>\n<p><img loading=\"lazy\" class=\"wp-image-1330 aligncenter\" src=\"https:\/\/drarlenecaplan.com\/wp-content\/uploads\/2018\/04\/building.jpg\" alt=\"\" width=\"516\" height=\"393\" srcset=\"https:\/\/drarlenecaplan.com\/wp-content\/uploads\/2018\/04\/building.jpg 770w, https:\/\/drarlenecaplan.com\/wp-content\/uploads\/2018\/04\/building-300x229.jpg 300w, https:\/\/drarlenecaplan.com\/wp-content\/uploads\/2018\/04\/building-768x585.jpg 768w\" sizes=\"(max-width: 516px) 100vw, 516px\" \/><\/p>\n<h3>Pour se rendre \u00e0 mon cabinet<\/h3>\n<p>Si vous arrivez du centre-ville \u00e0 pied ou en v\u00e9hicule, passez par la rue McGill pour emprunter le trajet le plus direct.<\/p>\n<p>Acc\u00e8s en voiture en provenance d\u2019une autre ville ou r\u00e9gion \u2013 Je vous recommande de prendre l\u2019autoroute 720 (autoroute Ville-Marie), puis d\u2019emprunter la sortie \u00abde la Montagne\u00bb. Ensuite, prenez la rue Notre Dame, direction est, puis la rue McGill vers le sud, jusqu\u2019\u00e0 la Place d'Youville. La rue Saint-Nicolas est \u00e0 trois rues (direction est) de la rue McGill. Le b\u00e2timent William Hutchison est situ\u00e9 \u00e0 353 rue Saint-Nicolas, entre la Place d'Youville et la rue Saint-Paul.<\/p>\n<h3>Metro<\/h3>\n<p>Si vous utilisez le transport en commun, la station Square Victoria est situ\u00e9e \u00e0 huit minutes de marche de mon bureau.<\/p>\n<div id='gallery-1' class='gallery galleryid-918 gallery-columns-2 gallery-size-medium'><figure class='gallery-item'>\n\t\t\t<div class='gallery-icon portrait'>\n\t\t\t\t<a href='https:\/\/drarlenecaplan.com\/fr\/location\/metro-map\/'><img width=\"252\" height=\"300\" src=\"https:\/\/drarlenecaplan.com\/wp-content\/uploads\/2015\/10\/metro-map-252x300.jpg\" class=\"attachment-medium size-medium\" alt=\"\" loading=\"lazy\" srcset=\"https:\/\/drarlenecaplan.com\/wp-content\/uploads\/2015\/10\/metro-map-252x300.jpg 252w, https:\/\/drarlenecaplan.com\/wp-content\/uploads\/2015\/10\/metro-map.jpg 620w\" sizes=\"(max-width: 252px) 100vw, 252px\" \/><\/a>\n\t\t\t<\/div><\/figure><figure class='gallery-item'>\n\t\t\t<div class='gallery-icon landscape'>\n\t\t\t\t<a href='https:\/\/drarlenecaplan.com\/fr\/location\/victoria-square\/'><img width=\"300\" height=\"225\" src=\"https:\/\/drarlenecaplan.com\/wp-content\/uploads\/2015\/10\/victoria-square-300x225.jpg\" class=\"attachment-medium size-medium\" alt=\"\" loading=\"lazy\" srcset=\"https:\/\/drarlenecaplan.com\/wp-content\/uploads\/2015\/10\/victoria-square-300x225.jpg 300w, https:\/\/drarlenecaplan.com\/wp-content\/uploads\/2015\/10\/victoria-square.jpg 720w\" sizes=\"(max-width: 300px) 100vw, 300px\" \/><\/a>\n\t\t\t<\/div><\/figure>\n\t\t<\/div>\n\n<h3>Stationnement<\/h3>\n<p><strong>Stationnement avec parcom\u00e8tre:<\/strong> Vous trouverez des places de stationnement avec parcom\u00e8tre \u00e0 proximit\u00e9 de la Place d\u2019Youville et de la rue Saint-Paul entre 9 h et 21 h.<br \/>\n<strong>Stationnement gratuit: <\/strong> Il y a quelques places sur la rue de la Commune (le long du port) pour les visiteurs non r\u00e9sidents. Assurez-vous de bien lire les panneaux de stationnement!<\/p>\n<div id='gallery-2' class='gallery galleryid-918 gallery-columns-2 gallery-size-medium'><figure class='gallery-item'>\n\t\t\t<div class='gallery-icon landscape'>\n\t\t\t\t<a href='https:\/\/drarlenecaplan.com\/fr\/location\/youville-street\/'><img width=\"300\" height=\"225\" src=\"https:\/\/drarlenecaplan.com\/wp-content\/uploads\/2015\/10\/youville-street-300x225.jpg\" class=\"attachment-medium size-medium\" alt=\"\" loading=\"lazy\" srcset=\"https:\/\/drarlenecaplan.com\/wp-content\/uploads\/2015\/10\/youville-street-300x225.jpg 300w, https:\/\/drarlenecaplan.com\/wp-content\/uploads\/2015\/10\/youville-street-768x576.jpg 768w, https:\/\/drarlenecaplan.com\/wp-content\/uploads\/2015\/10\/youville-street-1024x768.jpg 1024w, https:\/\/drarlenecaplan.com\/wp-content\/uploads\/2015\/10\/youville-street.jpg 1600w\" sizes=\"(max-width: 300px) 100vw, 300px\" \/><\/a>\n\t\t\t<\/div><\/figure><figure class='gallery-item'>\n\t\t\t<div class='gallery-icon landscape'>\n\t\t\t\t<a href='https:\/\/drarlenecaplan.com\/fr\/location\/bixi-parking\/'><img width=\"300\" height=\"224\" src=\"https:\/\/drarlenecaplan.com\/wp-content\/uploads\/2018\/04\/bixi-parking-e1524421293884-300x224.jpg\" class=\"attachment-medium size-medium\" alt=\"\" loading=\"lazy\" srcset=\"https:\/\/drarlenecaplan.com\/wp-content\/uploads\/2018\/04\/bixi-parking-e1524421293884-300x224.jpg 300w, https:\/\/drarlenecaplan.com\/wp-content\/uploads\/2018\/04\/bixi-parking-e1524421293884-768x572.jpg 768w, https:\/\/drarlenecaplan.com\/wp-content\/uploads\/2018\/04\/bixi-parking-e1524421293884-1024x763.jpg 1024w, https:\/\/drarlenecaplan.com\/wp-content\/uploads\/2018\/04\/bixi-parking-e1524421293884.jpg 1200w\" sizes=\"(max-width: 300px) 100vw, 300px\" \/><\/a>\n\t\t\t<\/div><\/figure>\n\t\t<\/div>\n\n<h3>Jetez un coup d'oeil autour du Vieux-Montr\u00e9al!<\/h3>\n<div id='gallery-3' class='gallery galleryid-918 gallery-columns-3 gallery-size-medium'><figure class='gallery-item'>\n\t\t\t<div class='gallery-icon landscape'>\n\t\t\t\t<a href='https:\/\/drarlenecaplan.com\/wp-content\/uploads\/2015\/10\/roof-view.jpg'><img width=\"300\" height=\"225\" src=\"https:\/\/drarlenecaplan.com\/wp-content\/uploads\/2015\/10\/roof-view-300x225.jpg\" class=\"attachment-medium size-medium\" alt=\"\" loading=\"lazy\" srcset=\"https:\/\/drarlenecaplan.com\/wp-content\/uploads\/2015\/10\/roof-view-300x225.jpg 300w, https:\/\/drarlenecaplan.com\/wp-content\/uploads\/2015\/10\/roof-view-768x576.jpg 768w, https:\/\/drarlenecaplan.com\/wp-content\/uploads\/2015\/10\/roof-view-1024x768.jpg 1024w, https:\/\/drarlenecaplan.com\/wp-content\/uploads\/2015\/10\/roof-view.jpg 1600w\" sizes=\"(max-width: 300px) 100vw, 300px\" \/><\/a>\n\t\t\t<\/div><\/figure><figure class='gallery-item'>\n\t\t\t<div class='gallery-icon landscape'>\n\t\t\t\t<a href='https:\/\/drarlenecaplan.com\/wp-content\/uploads\/2015\/10\/port.jpg'><img width=\"300\" height=\"225\" src=\"https:\/\/drarlenecaplan.com\/wp-content\/uploads\/2015\/10\/port-300x225.jpg\" class=\"attachment-medium size-medium\" alt=\"\" loading=\"lazy\" srcset=\"https:\/\/drarlenecaplan.com\/wp-content\/uploads\/2015\/10\/port-300x225.jpg 300w, https:\/\/drarlenecaplan.com\/wp-content\/uploads\/2015\/10\/port-768x576.jpg 768w, https:\/\/drarlenecaplan.com\/wp-content\/uploads\/2015\/10\/port-1024x768.jpg 1024w, https:\/\/drarlenecaplan.com\/wp-content\/uploads\/2015\/10\/port.jpg 1600w\" sizes=\"(max-width: 300px) 100vw, 300px\" \/><\/a>\n\t\t\t<\/div><\/figure><figure class='gallery-item'>\n\t\t\t<div class='gallery-icon landscape'>\n\t\t\t\t<a href='https:\/\/drarlenecaplan.com\/wp-content\/uploads\/2015\/10\/old-mtl-view.jpg'><img width=\"300\" height=\"225\" src=\"https:\/\/drarlenecaplan.com\/wp-content\/uploads\/2015\/10\/old-mtl-view-300x225.jpg\" class=\"attachment-medium size-medium\" alt=\"\" loading=\"lazy\" srcset=\"https:\/\/drarlenecaplan.com\/wp-content\/uploads\/2015\/10\/old-mtl-view-300x225.jpg 300w, https:\/\/drarlenecaplan.com\/wp-content\/uploads\/2015\/10\/old-mtl-view-768x576.jpg 768w, https:\/\/drarlenecaplan.com\/wp-content\/uploads\/2015\/10\/old-mtl-view-1024x768.jpg 1024w, https:\/\/drarlenecaplan.com\/wp-content\/uploads\/2015\/10\/old-mtl-view.jpg 1600w\" sizes=\"(max-width: 300px) 100vw, 300px\" \/><\/a>\n\t\t\t<\/div><\/figure><figure class='gallery-item'>\n\t\t\t<div class='gallery-icon landscape'>\n\t\t\t\t<a href='https:\/\/drarlenecaplan.com\/wp-content\/uploads\/2015\/10\/grain-mill.jpg'><img width=\"300\" height=\"225\" src=\"https:\/\/drarlenecaplan.com\/wp-content\/uploads\/2015\/10\/grain-mill-300x225.jpg\" class=\"attachment-medium size-medium\" alt=\"\" loading=\"lazy\" srcset=\"https:\/\/drarlenecaplan.com\/wp-content\/uploads\/2015\/10\/grain-mill-300x225.jpg 300w, https:\/\/drarlenecaplan.com\/wp-content\/uploads\/2015\/10\/grain-mill-768x576.jpg 768w, https:\/\/drarlenecaplan.com\/wp-content\/uploads\/2015\/10\/grain-mill-1024x768.jpg 1024w, https:\/\/drarlenecaplan.com\/wp-content\/uploads\/2015\/10\/grain-mill.jpg 1600w\" sizes=\"(max-width: 300px) 100vw, 300px\" \/><\/a>\n\t\t\t<\/div><\/figure><figure class='gallery-item'>\n\t\t\t<div class='gallery-icon landscape'>\n\t\t\t\t<a href='https:\/\/drarlenecaplan.com\/wp-content\/uploads\/2015\/10\/de-la-commune-corner.jpg'><img width=\"300\" height=\"225\" src=\"https:\/\/drarlenecaplan.com\/wp-content\/uploads\/2015\/10\/de-la-commune-corner-300x225.jpg\" class=\"attachment-medium size-medium\" alt=\"\" loading=\"lazy\" srcset=\"https:\/\/drarlenecaplan.com\/wp-content\/uploads\/2015\/10\/de-la-commune-corner-300x225.jpg 300w, https:\/\/drarlenecaplan.com\/wp-content\/uploads\/2015\/10\/de-la-commune-corner-768x576.jpg 768w, https:\/\/drarlenecaplan.com\/wp-content\/uploads\/2015\/10\/de-la-commune-corner-1024x768.jpg 1024w, https:\/\/drarlenecaplan.com\/wp-content\/uploads\/2015\/10\/de-la-commune-corner.jpg 1600w\" sizes=\"(max-width: 300px) 100vw, 300px\" \/><\/a>\n\t\t\t<\/div><\/figure><figure class='gallery-item'>\n\t\t\t<div class='gallery-icon landscape'>\n\t\t\t\t<a href='https:\/\/drarlenecaplan.com\/wp-content\/uploads\/2015\/10\/courtyard.jpg'><img width=\"300\" height=\"225\" src=\"https:\/\/drarlenecaplan.com\/wp-content\/uploads\/2015\/10\/courtyard-300x225.jpg\" class=\"attachment-medium size-medium\" alt=\"\" loading=\"lazy\" srcset=\"https:\/\/drarlenecaplan.com\/wp-content\/uploads\/2015\/10\/courtyard-300x225.jpg 300w, https:\/\/drarlenecaplan.com\/wp-content\/uploads\/2015\/10\/courtyard-768x576.jpg 768w, https:\/\/drarlenecaplan.com\/wp-content\/uploads\/2015\/10\/courtyard-1024x768.jpg 1024w, https:\/\/drarlenecaplan.com\/wp-content\/uploads\/2015\/10\/courtyard.jpg 1600w\" sizes=\"(max-width: 300px) 100vw, 300px\" \/><\/a>\n\t\t\t<\/div><\/figure>\n\t\t<\/div>\n\n<\/div>\n<\/div><\/div><div id=\"panel-918-0-0-1\" class=\"so-panel widget widget_pw_testimonials widget-testimonials\" data-index=\"1\" >\n\n\t<div class=\"testimonial\">\n\n\t\t<h2 class=\"widget-title\">  <\/h2>\n\n\n\t\t<div id=\"carousel-testimonials-widget-0-0-1\" class=\"carousel slide\" data-ride=\"carousel\" data-interval=\"false\">\n\t\t\t<!-- Wrapper for slides -->\n\t\t\t<div class=\"carousel-inner\" role=\"listbox\">\n\t\t\t\t<div class=\"item active\">\n\t\t\t\t\t<div class=\"row\">\n\t\t\t\t\t\t\t\n\t\t\t\t\t\t\t<div class=\"col-xs-12  col-sm-12\">\n\t\t\t\t\t\t\t\t<blockquote>\n\t\t\t\t\t\t\t\t\t<p class=\"testimonial__quote\">\n\t\t\t\t\t\t\t\t\t\tC\u2019est une femme chaleureuse, intelligente et ouverte bien s\u00fbr, mais aussi dot\u00e9e d\u2019un tr\u00e8s bon sens de l\u2019humour, ce qui fait que si en th\u00e9rapie on pleure, on peut aussi rire!\n\t\t\t\t\t\t\t\t\t<\/p>\n\t\t\t\t\t\t\t\t\t<cite class=\"testimonial__author\">\n\t\t\t\t\t\t\t\t\t\tFemme dans la quarantaine\n\t\t\t\t\t\t\t\t\t<\/cite>\n\n\t\t\t\t\t\t\t\t\t\t<div class=\"testimonial__author-description\">\n\t\t\t\t\t\t\t\t\t\t\tEn th\u00e9rapie 2.5 ans\n\t\t\t\t\t\t\t\t\t\t<\/div>\n\n\t\t\t\t\t\t\t\t<\/blockquote>\n\t\t\t\t\t\t\t<\/div>\n\t\t\t\t\t<\/div>\n\t\t\t\t<\/div>\n\t\t\t<\/div>\n\t\t<\/div>\n\t<\/div>\n\n<\/div><div id=\"panel-918-0-0-2\" class=\"so-panel widget widget_pw_featured_page widget-featured-page panel-last-child\" data-index=\"2\" >\n\n\t<div class=\"page-box  page-box--block\">\n\t\t<a class=\"page-box__picture\" href=\"https:\/\/drarlenecaplan.com\/fr\/tour-de-bureau\/\"><img width=\"525\" height=\"350\" src=\"https:\/\/drarlenecaplan.com\/wp-content\/uploads\/2018\/04\/from-window-525x350.jpg\" class=\"attachment-pw-page-box size-pw-page-box wp-post-image\" alt=\"\" loading=\"lazy\" srcset=\"https:\/\/drarlenecaplan.com\/wp-content\/uploads\/2018\/04\/from-window-525x350.jpg 525w, https:\/\/drarlenecaplan.com\/wp-content\/uploads\/2018\/04\/from-window-300x200.jpg 300w, https:\/\/drarlenecaplan.com\/wp-content\/uploads\/2018\/04\/from-window-768x513.jpg 768w, https:\/\/drarlenecaplan.com\/wp-content\/uploads\/2018\/04\/from-window-272x182.jpg 272w, https:\/\/drarlenecaplan.com\/wp-content\/uploads\/2018\/04\/from-window.jpg 800w\" sizes=\"(max-width: 525px) 100vw, 525px\" \/><\/a>\n\t\t<div class=\"page-box__content\">\n\t\t\t<h5 class=\"page-box__title  text-uppercase\"><a href=\"https:\/\/drarlenecaplan.com\/fr\/tour-de-bureau\/\">Mon bureau<\/a><\/h5>\n\t\t\t<p>Mon cabinet est situ\u00e9 au 3\u00e8me \u00e9tage d'un immeuble historique dans le Vieux-Montr\u00e9al. Vous y trouverez un environnement priv\u00e9, confortable, chaleureux et d\u00e9contract\u00e9, qui respecte la confidentialit\u00e9.<\/p>\n\t\t\t\t<p><a href=\"https:\/\/drarlenecaplan.com\/fr\/tour-de-bureau\/\" class=\"read-more  read-more--page-box\">En savoir plus...<\/a><\/p>\n\t\t<\/div>\n\t<\/div>\n\n<\/div><\/div><\/div><\/div>","protected":false},"excerpt":{"rendered":"<p>Mon cabinet se situe dans un b\u00e2timent historique dans le Vieux-Montr\u00e9al, \u00e0 proximit\u00e9 du centre-ville, des quartiers financiers et d\u2019affaires, ainsi que des universit\u00e9s de Montr\u00e9al. Il est ais\u00e9ment accessible en voiture et au moyen des transports publics.<\/p>\n","protected":false},"author":2,"featured_media":1223,"parent":0,"menu_order":0,"comment_status":"closed","ping_status":"closed","template":"","meta":{"_monsterinsights_skip_tracking":false,"_monsterinsights_sitenote_active":false,"_monsterinsights_sitenote_note":"","_monsterinsights_sitenote_category":0},"_links":{"self":[{"href":"https:\/\/drarlenecaplan.com\/fr\/wp-json\/wp\/v2\/pages\/918"}],"collection":[{"href":"https:\/\/drarlenecaplan.com\/fr\/wp-json\/wp\/v2\/pages"}],"about":[{"href":"https:\/\/drarlenecaplan.com\/fr\/wp-json\/wp\/v2\/types\/page"}],"author":[{"embeddable":true,"href":"https:\/\/drarlenecaplan.com\/fr\/wp-json\/wp\/v2\/users\/2"}],"replies":[{"embeddable":true,"href":"https:\/\/drarlenecaplan.com\/fr\/wp-json\/wp\/v2\/comments?post=918"}],"version-history":[{"count":5,"href":"https:\/\/drarlenecaplan.com\/fr\/wp-json\/wp\/v2\/pages\/918\/revisions"}],"predecessor-version":[{"id":1490,"href":"https:\/\/drarlenecaplan.com\/fr\/wp-json\/wp\/v2\/pages\/918\/revisions\/1490"}],"wp:featuredmedia":[{"embeddable":true,"href":"https:\/\/drarlenecaplan.com\/fr\/wp-json\/wp\/v2\/media\/1223"}],"wp:attachment":[{"href":"https:\/\/drarlenecaplan.com\/fr\/wp-json\/wp\/v2\/media?parent=918"}],"curies":[{"name":"wp","href":"https:\/\/api.w.org\/{rel}","templated":true}]}}