{"id":912,"date":"2015-12-12T21:14:34","date_gmt":"2015-12-12T21:14:34","guid":{"rendered":"http:\/\/drarlenecaplan.com\/inside-my-home-office\/?lang=fr"},"modified":"2018-05-17T03:20:51","modified_gmt":"2018-05-17T03:20:51","slug":"tour-de-bureau","status":"publish","type":"page","link":"https:\/\/drarlenecaplan.com\/fr\/tour-de-bureau\/","title":{"rendered":"Mon bureau"},"content":{"rendered":"<div id=\"pl-912\"  class=\"panel-layout\" ><div id=\"pg-912-0\"  class=\"panel-grid panel-no-style\" ><div id=\"pgc-912-0-0\"  class=\"panel-grid-cell\" ><div id=\"panel-912-0-0-0\" class=\"so-panel widget widget_black-studio-tinymce widget_black_studio_tinymce panel-first-child panel-last-child\" data-index=\"0\" ><div class=\"textwidget\"><h3>Mon cabinet se trouve au suite 313 du batiment historique William Hutchison, dans le Vieux-Montr\u00e9al. En entrant, vous  trouverez une salle d'attente chaleureuse et intime, ou vous pouvez vous reposer avant votre s\u00e9ance. Mon bureau de th\u00e9rapie est un espace confortable et soulagent, qui respecte la confidentialit\u00e9 et aide aux clients \u00e0 s'ouvrir.<\/h3>\n<\/div><\/div><\/div><\/div><div id=\"pg-912-1\"  class=\"panel-grid panel-no-style\" ><div id=\"pgc-912-1-0\"  class=\"panel-grid-cell\" ><div id=\"panel-912-1-0-0\" class=\"so-panel widget widget_sow-slider panel-first-child\" data-index=\"1\" ><div\n\t\t\t\n\t\t\tclass=\"so-widget-sow-slider so-widget-sow-slider-default-c185e7bbf0fa-912\"\n\t\t\t\n\t\t>\t\t\t\t<div class=\"sow-slider-base\" style=\"display: none\" tabindex=\"0\">\n\t\t\t\t\t<ul\n\t\t\t\t\tclass=\"sow-slider-images\"\n\t\t\t\t\tdata-settings=\"{&quot;pagination&quot;:true,&quot;speed&quot;:800,&quot;timeout&quot;:8000,&quot;paused&quot;:false,&quot;pause_on_hover&quot;:false,&quot;swipe&quot;:true,&quot;nav_always_show_desktop&quot;:&quot;&quot;,&quot;nav_always_show_mobile&quot;:&quot;&quot;,&quot;breakpoint&quot;:&quot;780px&quot;,&quot;unmute&quot;:false,&quot;anchor&quot;:null}\"\n\t\t\t\t\t\t\t\t\t\tdata-anchor-id=\"\"\n\t\t\t\t>\t\t<li class=\"sow-slider-image\" style=\"visibility: visible;\" >\n\t\t\t\t\t\t<img width=\"800\" height=\"534\" src=\"https:\/\/drarlenecaplan.com\/wp-content\/uploads\/2018\/04\/door.jpg\" class=\"sow-slider-background-image\" alt=\"\" loading=\"lazy\" style=\"\" srcset=\"https:\/\/drarlenecaplan.com\/wp-content\/uploads\/2018\/04\/door.jpg 800w, https:\/\/drarlenecaplan.com\/wp-content\/uploads\/2018\/04\/door-300x200.jpg 300w, https:\/\/drarlenecaplan.com\/wp-content\/uploads\/2018\/04\/door-768x513.jpg 768w, https:\/\/drarlenecaplan.com\/wp-content\/uploads\/2018\/04\/door-525x350.jpg 525w, https:\/\/drarlenecaplan.com\/wp-content\/uploads\/2018\/04\/door-272x182.jpg 272w\" sizes=\"(max-width: 800px) 100vw, 800px\" \/>\t\t<\/li>\n\t\t\t\t<li class=\"sow-slider-image\" style=\"visibility: hidden;\" >\n\t\t\t\t\t\t<img width=\"800\" height=\"534\" src=\"https:\/\/drarlenecaplan.com\/wp-content\/uploads\/2018\/04\/open-door.jpg\" class=\"sow-slider-background-image\" alt=\"\" loading=\"lazy\" style=\"\" srcset=\"https:\/\/drarlenecaplan.com\/wp-content\/uploads\/2018\/04\/open-door.jpg 800w, https:\/\/drarlenecaplan.com\/wp-content\/uploads\/2018\/04\/open-door-300x200.jpg 300w, https:\/\/drarlenecaplan.com\/wp-content\/uploads\/2018\/04\/open-door-768x513.jpg 768w, https:\/\/drarlenecaplan.com\/wp-content\/uploads\/2018\/04\/open-door-525x350.jpg 525w, https:\/\/drarlenecaplan.com\/wp-content\/uploads\/2018\/04\/open-door-272x182.jpg 272w\" sizes=\"(max-width: 800px) 100vw, 800px\" \/>\t\t<\/li>\n\t\t\t\t<li class=\"sow-slider-image\" style=\"visibility: hidden;\" >\n\t\t\t\t\t\t<img width=\"800\" height=\"534\" src=\"https:\/\/drarlenecaplan.com\/wp-content\/uploads\/2018\/04\/waiting-room.jpg\" class=\"sow-slider-background-image\" alt=\"\" loading=\"lazy\" style=\"\" srcset=\"https:\/\/drarlenecaplan.com\/wp-content\/uploads\/2018\/04\/waiting-room.jpg 800w, https:\/\/drarlenecaplan.com\/wp-content\/uploads\/2018\/04\/waiting-room-300x200.jpg 300w, https:\/\/drarlenecaplan.com\/wp-content\/uploads\/2018\/04\/waiting-room-768x513.jpg 768w, https:\/\/drarlenecaplan.com\/wp-content\/uploads\/2018\/04\/waiting-room-525x350.jpg 525w, https:\/\/drarlenecaplan.com\/wp-content\/uploads\/2018\/04\/waiting-room-272x182.jpg 272w\" sizes=\"(max-width: 800px) 100vw, 800px\" \/>\t\t<\/li>\n\t\t\t\t<li class=\"sow-slider-image\" style=\"visibility: hidden;\" >\n\t\t\t\t\t\t<img width=\"800\" height=\"534\" src=\"https:\/\/drarlenecaplan.com\/wp-content\/uploads\/2018\/04\/name-tag.jpg\" class=\"sow-slider-background-image\" alt=\"\" loading=\"lazy\" style=\"\" srcset=\"https:\/\/drarlenecaplan.com\/wp-content\/uploads\/2018\/04\/name-tag.jpg 800w, https:\/\/drarlenecaplan.com\/wp-content\/uploads\/2018\/04\/name-tag-300x200.jpg 300w, https:\/\/drarlenecaplan.com\/wp-content\/uploads\/2018\/04\/name-tag-768x513.jpg 768w, https:\/\/drarlenecaplan.com\/wp-content\/uploads\/2018\/04\/name-tag-525x350.jpg 525w, https:\/\/drarlenecaplan.com\/wp-content\/uploads\/2018\/04\/name-tag-272x182.jpg 272w\" sizes=\"(max-width: 800px) 100vw, 800px\" \/>\t\t<\/li>\n\t\t\t\t<li class=\"sow-slider-image\" style=\"visibility: hidden;\" >\n\t\t\t\t\t\t<img width=\"800\" height=\"526\" src=\"https:\/\/drarlenecaplan.com\/wp-content\/uploads\/2018\/04\/behind-couch.jpg\" class=\"sow-slider-background-image\" alt=\"\" loading=\"lazy\" style=\"\" srcset=\"https:\/\/drarlenecaplan.com\/wp-content\/uploads\/2018\/04\/behind-couch.jpg 800w, https:\/\/drarlenecaplan.com\/wp-content\/uploads\/2018\/04\/behind-couch-300x197.jpg 300w, https:\/\/drarlenecaplan.com\/wp-content\/uploads\/2018\/04\/behind-couch-768x505.jpg 768w\" sizes=\"(max-width: 800px) 100vw, 800px\" \/>\t\t<\/li>\n\t\t\t\t<li class=\"sow-slider-image\" style=\"visibility: hidden;\" >\n\t\t\t\t\t\t<img width=\"800\" height=\"534\" src=\"https:\/\/drarlenecaplan.com\/wp-content\/uploads\/2018\/04\/fullview.jpg\" class=\"sow-slider-background-image\" alt=\"\" loading=\"lazy\" style=\"\" srcset=\"https:\/\/drarlenecaplan.com\/wp-content\/uploads\/2018\/04\/fullview.jpg 800w, https:\/\/drarlenecaplan.com\/wp-content\/uploads\/2018\/04\/fullview-300x200.jpg 300w, https:\/\/drarlenecaplan.com\/wp-content\/uploads\/2018\/04\/fullview-768x513.jpg 768w, https:\/\/drarlenecaplan.com\/wp-content\/uploads\/2018\/04\/fullview-525x350.jpg 525w, https:\/\/drarlenecaplan.com\/wp-content\/uploads\/2018\/04\/fullview-272x182.jpg 272w\" sizes=\"(max-width: 800px) 100vw, 800px\" \/>\t\t<\/li>\n\t\t\t\t<li class=\"sow-slider-image\" style=\"visibility: hidden;\" >\n\t\t\t\t\t\t<img width=\"800\" height=\"534\" src=\"https:\/\/drarlenecaplan.com\/wp-content\/uploads\/2018\/04\/couch.jpg\" class=\"sow-slider-background-image\" alt=\"\" loading=\"lazy\" style=\"\" srcset=\"https:\/\/drarlenecaplan.com\/wp-content\/uploads\/2018\/04\/couch.jpg 800w, https:\/\/drarlenecaplan.com\/wp-content\/uploads\/2018\/04\/couch-300x200.jpg 300w, https:\/\/drarlenecaplan.com\/wp-content\/uploads\/2018\/04\/couch-768x513.jpg 768w, https:\/\/drarlenecaplan.com\/wp-content\/uploads\/2018\/04\/couch-525x350.jpg 525w, https:\/\/drarlenecaplan.com\/wp-content\/uploads\/2018\/04\/couch-272x182.jpg 272w\" sizes=\"(max-width: 800px) 100vw, 800px\" \/>\t\t<\/li>\n\t\t\t\t<li class=\"sow-slider-image\" style=\"visibility: hidden;\" >\n\t\t\t\t\t\t<img width=\"800\" height=\"534\" src=\"https:\/\/drarlenecaplan.com\/wp-content\/uploads\/2018\/04\/along-wall.jpg\" class=\"sow-slider-background-image\" alt=\"\" loading=\"lazy\" style=\"\" srcset=\"https:\/\/drarlenecaplan.com\/wp-content\/uploads\/2018\/04\/along-wall.jpg 800w, https:\/\/drarlenecaplan.com\/wp-content\/uploads\/2018\/04\/along-wall-300x200.jpg 300w, https:\/\/drarlenecaplan.com\/wp-content\/uploads\/2018\/04\/along-wall-768x513.jpg 768w, https:\/\/drarlenecaplan.com\/wp-content\/uploads\/2018\/04\/along-wall-525x350.jpg 525w, https:\/\/drarlenecaplan.com\/wp-content\/uploads\/2018\/04\/along-wall-272x182.jpg 272w\" sizes=\"(max-width: 800px) 100vw, 800px\" \/>\t\t<\/li>\n\t\t\t\t<li class=\"sow-slider-image\" style=\"visibility: hidden;\" >\n\t\t\t\t\t\t<img width=\"800\" height=\"534\" src=\"https:\/\/drarlenecaplan.com\/wp-content\/uploads\/2018\/04\/3guys.jpg\" class=\"sow-slider-background-image\" alt=\"\" loading=\"lazy\" style=\"\" srcset=\"https:\/\/drarlenecaplan.com\/wp-content\/uploads\/2018\/04\/3guys.jpg 800w, https:\/\/drarlenecaplan.com\/wp-content\/uploads\/2018\/04\/3guys-300x200.jpg 300w, https:\/\/drarlenecaplan.com\/wp-content\/uploads\/2018\/04\/3guys-768x513.jpg 768w, https:\/\/drarlenecaplan.com\/wp-content\/uploads\/2018\/04\/3guys-525x350.jpg 525w, https:\/\/drarlenecaplan.com\/wp-content\/uploads\/2018\/04\/3guys-272x182.jpg 272w\" sizes=\"(max-width: 800px) 100vw, 800px\" \/>\t\t<\/li>\n\t\t\t\t<li class=\"sow-slider-image\" style=\"visibility: hidden;\" >\n\t\t\t\t\t\t<img width=\"1600\" height=\"1068\" src=\"https:\/\/drarlenecaplan.com\/wp-content\/uploads\/2018\/04\/CaplanPortraits.Montreal.ValerieRosenPhotography-8589.jpg\" class=\"sow-slider-background-image\" alt=\"\" loading=\"lazy\" style=\"\" srcset=\"https:\/\/drarlenecaplan.com\/wp-content\/uploads\/2018\/04\/CaplanPortraits.Montreal.ValerieRosenPhotography-8589.jpg 1600w, https:\/\/drarlenecaplan.com\/wp-content\/uploads\/2018\/04\/CaplanPortraits.Montreal.ValerieRosenPhotography-8589-300x200.jpg 300w, https:\/\/drarlenecaplan.com\/wp-content\/uploads\/2018\/04\/CaplanPortraits.Montreal.ValerieRosenPhotography-8589-768x513.jpg 768w, https:\/\/drarlenecaplan.com\/wp-content\/uploads\/2018\/04\/CaplanPortraits.Montreal.ValerieRosenPhotography-8589-1024x684.jpg 1024w, https:\/\/drarlenecaplan.com\/wp-content\/uploads\/2018\/04\/CaplanPortraits.Montreal.ValerieRosenPhotography-8589-525x350.jpg 525w, https:\/\/drarlenecaplan.com\/wp-content\/uploads\/2018\/04\/CaplanPortraits.Montreal.ValerieRosenPhotography-8589-272x182.jpg 272w\" sizes=\"(max-width: 1600px) 100vw, 1600px\" \/>\t\t<\/li>\n\t\t\t\t<li class=\"sow-slider-image\" style=\"visibility: hidden;\" >\n\t\t\t\t\t\t<img width=\"800\" height=\"534\" src=\"https:\/\/drarlenecaplan.com\/wp-content\/uploads\/2018\/04\/view.jpg\" class=\"sow-slider-background-image\" alt=\"\" loading=\"lazy\" style=\"\" srcset=\"https:\/\/drarlenecaplan.com\/wp-content\/uploads\/2018\/04\/view.jpg 800w, https:\/\/drarlenecaplan.com\/wp-content\/uploads\/2018\/04\/view-300x200.jpg 300w, https:\/\/drarlenecaplan.com\/wp-content\/uploads\/2018\/04\/view-768x513.jpg 768w, https:\/\/drarlenecaplan.com\/wp-content\/uploads\/2018\/04\/view-525x350.jpg 525w, https:\/\/drarlenecaplan.com\/wp-content\/uploads\/2018\/04\/view-272x182.jpg 272w\" sizes=\"(max-width: 800px) 100vw, 800px\" \/>\t\t<\/li>\n\t\t\t\t<li class=\"sow-slider-image\" style=\"visibility: hidden;\" >\n\t\t\t\t\t\t<img width=\"800\" height=\"534\" src=\"https:\/\/drarlenecaplan.com\/wp-content\/uploads\/2018\/04\/CaplanPortraits.Montreal.ValerieRosenPhotography-8543.jpg\" class=\"sow-slider-background-image\" alt=\"\" loading=\"lazy\" style=\"\" srcset=\"https:\/\/drarlenecaplan.com\/wp-content\/uploads\/2018\/04\/CaplanPortraits.Montreal.ValerieRosenPhotography-8543.jpg 800w, https:\/\/drarlenecaplan.com\/wp-content\/uploads\/2018\/04\/CaplanPortraits.Montreal.ValerieRosenPhotography-8543-300x200.jpg 300w, https:\/\/drarlenecaplan.com\/wp-content\/uploads\/2018\/04\/CaplanPortraits.Montreal.ValerieRosenPhotography-8543-768x513.jpg 768w, https:\/\/drarlenecaplan.com\/wp-content\/uploads\/2018\/04\/CaplanPortraits.Montreal.ValerieRosenPhotography-8543-525x350.jpg 525w, https:\/\/drarlenecaplan.com\/wp-content\/uploads\/2018\/04\/CaplanPortraits.Montreal.ValerieRosenPhotography-8543-272x182.jpg 272w\" sizes=\"(max-width: 800px) 100vw, 800px\" \/>\t\t<\/li>\n\t\t\t\t<li class=\"sow-slider-image\" style=\"visibility: hidden;\" >\n\t\t\t\t\t\t<img width=\"800\" height=\"534\" src=\"https:\/\/drarlenecaplan.com\/wp-content\/uploads\/2018\/04\/angel.jpg\" class=\"sow-slider-background-image\" alt=\"\" loading=\"lazy\" style=\"\" srcset=\"https:\/\/drarlenecaplan.com\/wp-content\/uploads\/2018\/04\/angel.jpg 800w, https:\/\/drarlenecaplan.com\/wp-content\/uploads\/2018\/04\/angel-300x200.jpg 300w, https:\/\/drarlenecaplan.com\/wp-content\/uploads\/2018\/04\/angel-768x513.jpg 768w, https:\/\/drarlenecaplan.com\/wp-content\/uploads\/2018\/04\/angel-525x350.jpg 525w, https:\/\/drarlenecaplan.com\/wp-content\/uploads\/2018\/04\/angel-272x182.jpg 272w\" sizes=\"(max-width: 800px) 100vw, 800px\" \/>\t\t<\/li>\n\t\t\t\t<li class=\"sow-slider-image\" style=\"visibility: hidden;\" >\n\t\t\t\t\t\t<img width=\"800\" height=\"534\" src=\"https:\/\/drarlenecaplan.com\/wp-content\/uploads\/2018\/04\/from-window.jpg\" class=\"sow-slider-background-image\" alt=\"\" loading=\"lazy\" style=\"\" srcset=\"https:\/\/drarlenecaplan.com\/wp-content\/uploads\/2018\/04\/from-window.jpg 800w, https:\/\/drarlenecaplan.com\/wp-content\/uploads\/2018\/04\/from-window-300x200.jpg 300w, https:\/\/drarlenecaplan.com\/wp-content\/uploads\/2018\/04\/from-window-768x513.jpg 768w, https:\/\/drarlenecaplan.com\/wp-content\/uploads\/2018\/04\/from-window-525x350.jpg 525w, https:\/\/drarlenecaplan.com\/wp-content\/uploads\/2018\/04\/from-window-272x182.jpg 272w\" sizes=\"(max-width: 800px) 100vw, 800px\" \/>\t\t<\/li>\n\t\t<\/ul>\t\t\t\t<ol class=\"sow-slider-pagination\">\n\t\t\t\t\t\t\t\t\t\t\t<li><a href=\"#\" data-goto=\"0\" aria-label=\"Display slide 1\"><\/a><\/li>\n\t\t\t\t\t\t\t\t\t\t\t<li><a href=\"#\" data-goto=\"1\" aria-label=\"Display slide 2\"><\/a><\/li>\n\t\t\t\t\t\t\t\t\t\t\t<li><a href=\"#\" data-goto=\"2\" aria-label=\"Display slide 3\"><\/a><\/li>\n\t\t\t\t\t\t\t\t\t\t\t<li><a href=\"#\" data-goto=\"3\" aria-label=\"Display slide 4\"><\/a><\/li>\n\t\t\t\t\t\t\t\t\t\t\t<li><a href=\"#\" data-goto=\"4\" aria-label=\"Display slide 5\"><\/a><\/li>\n\t\t\t\t\t\t\t\t\t\t\t<li><a href=\"#\" data-goto=\"5\" aria-label=\"Display slide 6\"><\/a><\/li>\n\t\t\t\t\t\t\t\t\t\t\t<li><a href=\"#\" data-goto=\"6\" aria-label=\"Display slide 7\"><\/a><\/li>\n\t\t\t\t\t\t\t\t\t\t\t<li><a href=\"#\" data-goto=\"7\" aria-label=\"Display slide 8\"><\/a><\/li>\n\t\t\t\t\t\t\t\t\t\t\t<li><a href=\"#\" data-goto=\"8\" aria-label=\"Display slide 9\"><\/a><\/li>\n\t\t\t\t\t\t\t\t\t\t\t<li><a href=\"#\" data-goto=\"9\" aria-label=\"Display slide 10\"><\/a><\/li>\n\t\t\t\t\t\t\t\t\t\t\t<li><a href=\"#\" data-goto=\"10\" aria-label=\"Display slide 11\"><\/a><\/li>\n\t\t\t\t\t\t\t\t\t\t\t<li><a href=\"#\" data-goto=\"11\" aria-label=\"Display slide 12\"><\/a><\/li>\n\t\t\t\t\t\t\t\t\t\t\t<li><a href=\"#\" data-goto=\"12\" aria-label=\"Display slide 13\"><\/a><\/li>\n\t\t\t\t\t\t\t\t\t\t\t<li><a href=\"#\" data-goto=\"13\" aria-label=\"Display slide 14\"><\/a><\/li>\n\t\t\t\t\t\t\t\t\t<\/ol>\n\n\t\t\t\t<div class=\"sow-slide-nav sow-slide-nav-next\">\n\t\t\t\t\t<a href=\"#\" data-goto=\"next\" aria-label=\"Next slide\" data-action=\"next\">\n\t\t\t\t\t\t<em class=\"sow-sld-icon-thick-rounded-right\"><\/em>\n\t\t\t\t\t<\/a>\n\t\t\t\t<\/div>\n\n\t\t\t\t<div class=\"sow-slide-nav sow-slide-nav-prev\">\n\t\t\t\t\t<a href=\"#\" data-goto=\"previous\" aria-label=\"Previous slide\" data-action=\"prev\">\n\t\t\t\t\t\t<em class=\"sow-sld-icon-thick-rounded-left\"><\/em>\n\t\t\t\t\t<\/a>\n\t\t\t\t<\/div>\n\t\t\t\t<\/div><\/div><\/div><div id=\"panel-912-1-0-1\" class=\"so-panel widget widget_pw_testimonials widget-testimonials panel-last-child\" data-index=\"2\" >\n\n\t<div class=\"testimonial\">\n\n\t\t<h2 class=\"widget-title\">  <\/h2>\n\n\n\t\t<div id=\"carousel-testimonials-widget-1-0-1\" class=\"carousel slide\" data-ride=\"carousel\" data-interval=\"false\">\n\t\t\t<!-- Wrapper for slides -->\n\t\t\t<div class=\"carousel-inner\" role=\"listbox\">\n\t\t\t\t<div class=\"item active\">\n\t\t\t\t\t<div class=\"row\">\n\t\t\t\t\t\t\t\n\t\t\t\t\t\t\t<div class=\"col-xs-12  col-sm-12\">\n\t\t\t\t\t\t\t\t<blockquote>\n\t\t\t\t\t\t\t\t\t<p class=\"testimonial__quote\">\n\t\t\t\t\t\t\t\t\t\tJe me suis rapidement sentie \u00e0 l'aise avec Dr Caplan parce que j'avais vraiment l'impression qu'elle comprenait mes \u00e9motions, m\u00eame si j'avais quelques fois de la difficult\u00e9 \u00e0 les exprimer.\n\t\t\t\t\t\t\t\t\t<\/p>\n\t\t\t\t\t\t\t\t\t<cite class=\"testimonial__author\">\n\t\t\t\t\t\t\t\t\t\tFemme dans la mi-trentaine\n\t\t\t\t\t\t\t\t\t<\/cite>\n\n\t\t\t\t\t\t\t\t\t\t<div class=\"testimonial__author-description\">\n\t\t\t\t\t\t\t\t\t\t\tEn th\u00e9rapie 3.5 ans\n\t\t\t\t\t\t\t\t\t\t<\/div>\n\n\t\t\t\t\t\t\t\t<\/blockquote>\n\t\t\t\t\t\t\t<\/div>\n\t\t\t\t\t<\/div>\n\t\t\t\t<\/div>\n\t\t\t<\/div>\n\t\t<\/div>\n\t<\/div>\n\n<\/div><\/div><\/div><div id=\"pg-912-2\"  class=\"panel-grid panel-no-style\" ><div id=\"pgc-912-2-0\"  class=\"panel-grid-cell\" ><div id=\"panel-912-2-0-0\" class=\"so-panel widget widget_pw_featured_page widget-featured-page panel-first-child panel-last-child\" data-index=\"3\" >\n\n\t<div class=\"page-box  page-box--block\">\n\t\t<a class=\"page-box__picture\" href=\"https:\/\/drarlenecaplan.com\/fr\/location\/\"><img width=\"525\" height=\"350\" src=\"https:\/\/drarlenecaplan.com\/wp-content\/uploads\/2018\/04\/Youville-525x350.jpg\" class=\"attachment-pw-page-box size-pw-page-box wp-post-image\" alt=\"\" loading=\"lazy\" srcset=\"https:\/\/drarlenecaplan.com\/wp-content\/uploads\/2018\/04\/Youville-525x350.jpg 525w, https:\/\/drarlenecaplan.com\/wp-content\/uploads\/2018\/04\/Youville-272x182.jpg 272w\" sizes=\"(max-width: 525px) 100vw, 525px\" \/><\/a>\n\t\t<div class=\"page-box__content\">\n\t\t\t<h5 class=\"page-box__title  text-uppercase\"><a href=\"https:\/\/drarlenecaplan.com\/fr\/location\/\">Emplacement<\/a><\/h5>\n\t\t\t<p>Mon cabinet se situe dans un b\u00e2timent historique dans le Vieux-Montr\u00e9al, \u00e0 proximit\u00e9 du centre-ville, des quartiers financiers et d\u2019affaires, ainsi que des universit\u00e9s de Montr\u00e9al. Il est ais\u00e9ment accessible en voiture et au moyen des &hellip;<\/p>\n\t\t\t\t<p><a href=\"https:\/\/drarlenecaplan.com\/fr\/location\/\" class=\"read-more  read-more--page-box\">En savoir plus...<\/a><\/p>\n\t\t<\/div>\n\t<\/div>\n\n<\/div><\/div><div id=\"pgc-912-2-1\"  class=\"panel-grid-cell\" ><div id=\"panel-912-2-1-0\" class=\"so-panel widget widget_pw_featured_page widget-featured-page panel-first-child panel-last-child\" data-index=\"4\" >\n\n\t<div class=\"page-box  page-box--block\">\n\t\t<a class=\"page-box__picture\" href=\"https:\/\/drarlenecaplan.com\/fr\/a-propos-de-ma-pratique-privee\/\"><img width=\"525\" height=\"350\" src=\"https:\/\/drarlenecaplan.com\/wp-content\/uploads\/2018\/04\/fullview-525x350.jpg\" class=\"attachment-pw-page-box size-pw-page-box wp-post-image\" alt=\"\" loading=\"lazy\" srcset=\"https:\/\/drarlenecaplan.com\/wp-content\/uploads\/2018\/04\/fullview-525x350.jpg 525w, https:\/\/drarlenecaplan.com\/wp-content\/uploads\/2018\/04\/fullview-300x200.jpg 300w, https:\/\/drarlenecaplan.com\/wp-content\/uploads\/2018\/04\/fullview-768x513.jpg 768w, https:\/\/drarlenecaplan.com\/wp-content\/uploads\/2018\/04\/fullview-272x182.jpg 272w, https:\/\/drarlenecaplan.com\/wp-content\/uploads\/2018\/04\/fullview.jpg 800w\" sizes=\"(max-width: 525px) 100vw, 525px\" \/><\/a>\n\t\t<div class=\"page-box__content\">\n\t\t\t<h5 class=\"page-box__title  text-uppercase\"><a href=\"https:\/\/drarlenecaplan.com\/fr\/a-propos-de-ma-pratique-privee\/\">\u00c0 propos de ma pratique priv\u00e9e<\/a><\/h5>\n\t\t\t<p>Je travaille avec des gens de tout \u00e2ge et de tous les horizons. Comme je parle anglais, fran\u00e7ais, espagnol et h\u00e9breu, mes clients proviennent de divers milieux culturels. Je traite des enfants, des adolescents et des parents qui font face &hellip;<\/p>\n\t\t\t\t<p><a href=\"https:\/\/drarlenecaplan.com\/fr\/a-propos-de-ma-pratique-privee\/\" class=\"read-more  read-more--page-box\">En savoir plus...<\/a><\/p>\n\t\t<\/div>\n\t<\/div>\n\n<\/div><\/div><\/div><\/div>","protected":false},"excerpt":{"rendered":"<p>Mon cabinet est situ\u00e9 au 3\u00e8me \u00e9tage d&rsquo;un immeuble historique dans le Vieux-Montr\u00e9al. Vous y trouverez un environnement priv\u00e9, confortable, chaleureux et d\u00e9contract\u00e9, qui respecte la confidentialit\u00e9.<\/p>\n","protected":false},"author":2,"featured_media":1287,"parent":0,"menu_order":0,"comment_status":"closed","ping_status":"closed","template":"","meta":{"_monsterinsights_skip_tracking":false,"_monsterinsights_sitenote_active":false,"_monsterinsights_sitenote_note":"","_monsterinsights_sitenote_category":0},"_links":{"self":[{"href":"https:\/\/drarlenecaplan.com\/fr\/wp-json\/wp\/v2\/pages\/912"}],"collection":[{"href":"https:\/\/drarlenecaplan.com\/fr\/wp-json\/wp\/v2\/pages"}],"about":[{"href":"https:\/\/drarlenecaplan.com\/fr\/wp-json\/wp\/v2\/types\/page"}],"author":[{"embeddable":true,"href":"https:\/\/drarlenecaplan.com\/fr\/wp-json\/wp\/v2\/users\/2"}],"replies":[{"embeddable":true,"href":"https:\/\/drarlenecaplan.com\/fr\/wp-json\/wp\/v2\/comments?post=912"}],"version-history":[{"count":5,"href":"https:\/\/drarlenecaplan.com\/fr\/wp-json\/wp\/v2\/pages\/912\/revisions"}],"predecessor-version":[{"id":1501,"href":"https:\/\/drarlenecaplan.com\/fr\/wp-json\/wp\/v2\/pages\/912\/revisions\/1501"}],"wp:featuredmedia":[{"embeddable":true,"href":"https:\/\/drarlenecaplan.com\/fr\/wp-json\/wp\/v2\/media\/1287"}],"wp:attachment":[{"href":"https:\/\/drarlenecaplan.com\/fr\/wp-json\/wp\/v2\/media?parent=912"}],"curies":[{"name":"wp","href":"https:\/\/api.w.org\/{rel}","templated":true}]}}