{"id":895,"date":"2015-11-20T03:15:13","date_gmt":"2015-11-20T03:15:13","guid":{"rendered":"http:\/\/drarlenecaplan.com\/about-my-practice\/?lang=fr"},"modified":"2018-05-17T03:45:36","modified_gmt":"2018-05-17T03:45:36","slug":"a-propos-de-ma-pratique-privee","status":"publish","type":"page","link":"https:\/\/drarlenecaplan.com\/fr\/a-propos-de-ma-pratique-privee\/","title":{"rendered":"\u00c0 propos de ma pratique priv\u00e9e"},"content":{"rendered":"<div id=\"pl-895\"  class=\"panel-layout\" ><div id=\"pg-895-0\"  class=\"panel-grid panel-no-style\" ><div id=\"pgc-895-0-0\"  class=\"panel-grid-cell\" ><div id=\"panel-895-0-0-0\" class=\"so-panel widget widget_black-studio-tinymce widget_black_studio_tinymce panel-first-child panel-last-child\" data-index=\"0\" ><h3 class=\"widget-title\">Qui sont mes clients? \u00c0 quels probl\u00e8mes ou enjeux sont-ils confront\u00e9s?<\/h3><div class=\"textwidget\"><p><span style=\"font-weight: 400;\">Je travaille avec des gens de tout \u00e2ge et de tous les horizons. Comme je parle anglais, fran\u00e7ais, espagnol et h\u00e9breu, mes clients proviennent de divers milieux culturels.<\/span><\/p>\n<p><span style=\"font-weight: 400;\">Je traite des enfants, des adolescents et des parents qui font face \u00e0 des enjeux comportementaux, sociaux ou \u00e9motionnels. Je rencontre \u00e9galement des couples qui souhaitent am\u00e9liorer leur relation, ainsi que de jeunes professionnels qui composent avec des enjeux de carri\u00e8re ou d\u2019importantes transitions de vie. Mon exp\u00e9rience en milieu hospitalier m\u2019a beaucoup appris sur le travail avec les familles mises \u00e0 l\u2019\u00e9preuve par la maladie, un handicap physique ou des probl\u00e8mes de sant\u00e9 mentale, ainsi qu\u2019avec les immigrants s\u2019adaptant \u00e0 un mode de vie diff\u00e9rent.<\/span><\/p>\n<h4>Les gens qui tireront le meilleur parti de notre travail ensemble sont ceux qui souhaitent apprendre \u00e0 mieux se conna\u00eetre, \u00e9laborer des outils pour g\u00e9rer les situations difficiles, se d\u00e9tacher du pass\u00e9 et aller de l\u2019avant.<\/h4>\n<p><img class=\"wp-image-1273 aligncenter\" src=\"https:\/\/drarlenecaplan.com\/wp-content\/uploads\/2018\/04\/arlenecaplan_mypractice-1024x683.jpg\" alt=\"dr arlene caplan - my pracitce\" width=\"813\" height=\"542\" \/><\/p>\n<h3>J\u2019ai eu l\u2019occasion d\u2019aborder un vaste \u00e9ventail de probl\u00e8mes avec ma client\u00e8le, dont les suivants :<\/h3>\n<ul>\n<li>Estime de soi et confiance en soi<\/li>\n<li>Difficult\u00e9s relationnelles, s\u00e9parations et divorces<\/li>\n<li>Vivre un deuil<\/li>\n<li>Soutenir un membre de la famille ou un ami ayant des probl\u00e8mes de sant\u00e9<\/li>\n<li>D\u00e9cisions professionnelles et stress li\u00e9 au travail<\/li>\n<li>Intimidation<\/li>\n<li>D\u00e9pression aigu\u00eb, chronique ou post-partum<\/li>\n<li>Trouble des comportements alimentaires<\/li>\n<li>Anxi\u00e9t\u00e9 g\u00e9n\u00e9rale ou sociale, phobies, crises de panique et TOC<\/li>\n<li>D\u00e9fis du vieillissement ou du vieillissement d\u2019un membre de la famille<\/li>\n<\/ul>\n<\/div><\/div><\/div><\/div><div id=\"pg-895-1\"  class=\"panel-grid panel-no-style\" ><div id=\"pgc-895-1-0\"  class=\"panel-grid-cell\" ><div id=\"panel-895-1-0-0\" class=\"so-panel widget widget_black-studio-tinymce widget_black_studio_tinymce panel-first-child panel-last-child\" data-index=\"1\" ><h3 class=\"widget-title\">Vous souhaitez discuter d\u2019un probl\u00e8me ne figurant pas dans cette liste? <\/h3><div class=\"textwidget\"><h4><span style=\"font-weight: 400;\">Ne vous inqui\u00e9tez pas. Je serai heureuse de discuter avec vous de ce qui vous pr\u00e9occupe. Vous d\u00e9sirez \u00eatre plus heureux\/heureuse? Vous souhaitez trouver un sens \u00e0 votre vie ou vous fixer un objectif? Voil\u00e0 d\u2019excellentes raisons de consulter un psychologue! Dites-moi o\u00f9 vous d\u00e9sirez commencer et nous entreprendrons le cheminement ensemble.<\/span><\/h4>\n<\/div><\/div><\/div><\/div><div id=\"pg-895-2\"  class=\"panel-grid panel-no-style\" ><div id=\"pgc-895-2-0\"  class=\"panel-grid-cell\" ><div id=\"panel-895-2-0-0\" class=\"so-panel widget widget_sow-button panel-first-child panel-last-child\" data-index=\"2\" ><div\n\t\t\t\n\t\t\tclass=\"so-widget-sow-button so-widget-sow-button-flat-741101fe71ba-895\"\n\t\t\t\n\t\t><div class=\"ow-button-base ow-button-align-center\"\n>\n\t\t\t<a\n\t\t\t\t\thref=\"https:\/\/drarlenecaplan.com\/fr\/contactez-moi\/\"\n\t\t\t\t\tclass=\"sowb-button ow-icon-placement-left ow-button-hover\" \t>\n\t\t<span>\n\t\t\t<span class=\"sow-icon-fontawesome sow-far\" data-sow-icon=\"&#xf075;\"\n\t\tstyle=\"\" \n\t\taria-hidden=\"true\"><\/span>\n\t\t\tN\u2019h\u00e9sitez pas \u00e0 me contacter\t\t<\/span>\n\t\t\t<\/a>\n\t<\/div>\n<\/div><\/div><\/div><div id=\"pgc-895-2-1\"  class=\"panel-grid-cell\" ><div id=\"panel-895-2-1-0\" class=\"so-panel widget widget_sow-button panel-first-child panel-last-child\" data-index=\"3\" ><div\n\t\t\t\n\t\t\tclass=\"so-widget-sow-button so-widget-sow-button-flat-741101fe71ba-895\"\n\t\t\t\n\t\t><div class=\"ow-button-base ow-button-align-center\"\n>\n\t\t\t<a\n\t\t\t\tclass=\"sowb-button ow-icon-placement-left ow-button-hover\" \t>\n\t\t<span>\n\t\t\t<span class=\"sow-icon-fontawesome sow-fas\" data-sow-icon=\"&#xf098;\"\n\t\tstyle=\"color: #ffffff\" \n\t\taria-hidden=\"true\"><\/span>\n\t\t\tAppelez-moi au 514-894-7172\t\t<\/span>\n\t\t\t<\/a>\n\t<\/div>\n<\/div><\/div><\/div><\/div><div id=\"pg-895-3\"  class=\"panel-grid panel-no-style\" ><div id=\"pgc-895-3-0\"  class=\"panel-grid-cell\" ><div id=\"panel-895-3-0-0\" class=\"so-panel widget widget_pw_testimonials widget-testimonials panel-first-child\" data-index=\"4\" >\n\n\t<div class=\"testimonial\">\n\n\t\t<h2 class=\"widget-title\">  <\/h2>\n\n\n\t\t<div id=\"carousel-testimonials-widget-3-0-0\" class=\"carousel slide\" data-ride=\"carousel\" data-interval=\"false\">\n\t\t\t<!-- Wrapper for slides -->\n\t\t\t<div class=\"carousel-inner\" role=\"listbox\">\n\t\t\t\t<div class=\"item active\">\n\t\t\t\t\t<div class=\"row\">\n\t\t\t\t\t\t\t\n\t\t\t\t\t\t\t<div class=\"col-xs-12  col-sm-12\">\n\t\t\t\t\t\t\t\t<blockquote>\n\t\t\t\t\t\t\t\t\t<p class=\"testimonial__quote\">\n\t\t\t\t\t\t\t\t\t\tLe Dr Caplan a une tr\u00e8s grande ouverture d'esprit. Pour elle, rien n'est consid\u00e9r\u00e9 comme banal ou tabou, que ce soit personnel, professionnel ou sexuel. Si quelqu'un est vraiment pr\u00eat \u00e0 s'ouvrir, le Dr Caplan sera ouverte et attentive d\u00e8s la premi\u00e8re rencontre.\n\t\t\t\t\t\t\t\t\t<\/p>\n\t\t\t\t\t\t\t\t\t<cite class=\"testimonial__author\">\n\t\t\t\t\t\t\t\t\t\tHomme au d\u00e9but de la vingtaine\n\t\t\t\t\t\t\t\t\t<\/cite>\n\n\t\t\t\t\t\t\t\t\t\t<div class=\"testimonial__author-description\">\n\t\t\t\t\t\t\t\t\t\t\tEn th\u00e9rapie 1.5 ans\n\t\t\t\t\t\t\t\t\t\t<\/div>\n\n\t\t\t\t\t\t\t\t<\/blockquote>\n\t\t\t\t\t\t\t<\/div>\n\t\t\t\t\t<\/div>\n\t\t\t\t<\/div>\n\t\t\t<\/div>\n\t\t<\/div>\n\t<\/div>\n\n<\/div><div id=\"panel-895-3-0-1\" class=\"so-panel widget widget_pw_featured_page widget-featured-page panel-last-child\" data-index=\"5\" >\n\n\t<div class=\"page-box  page-box--block\">\n\t\t<a class=\"page-box__picture\" href=\"https:\/\/drarlenecaplan.com\/fr\/honoraires-planfication\/\"><\/a>\n\t\t<div class=\"page-box__content\">\n\t\t\t<h5 class=\"page-box__title  text-uppercase\"><a href=\"https:\/\/drarlenecaplan.com\/fr\/honoraires-planfication\/\">Honoraires et planification<\/a><\/h5>\n\t\t\t<p>J\u2019offre les rendez-vous selon un horaire flexible, soit pendant la journ\u00e9e ou en soir\u00e9e. Les s\u00e9ances durent 50 minutes et les rendez-vous sont fix\u00e9s \u00e0 des moments qui nous conviennent mutuellement.<\/p>\n\t\t\t\t<p><a href=\"https:\/\/drarlenecaplan.com\/fr\/honoraires-planfication\/\" class=\"read-more  read-more--page-box\">En savoir plus...<\/a><\/p>\n\t\t<\/div>\n\t<\/div>\n\n<\/div><\/div><\/div><div id=\"pg-895-4\"  class=\"panel-grid panel-no-style\" ><div id=\"pgc-895-4-0\"  class=\"panel-grid-cell\" ><div id=\"panel-895-4-0-0\" class=\"so-panel widget widget_pw_featured_page widget-featured-page panel-first-child panel-last-child\" data-index=\"6\" >\n\n\t<div class=\"page-box  page-box--inline\">\n\t\t<a class=\"page-box__picture\" href=\"https:\/\/drarlenecaplan.com\/fr\/a-mon-sujet\/\"><img width=\"100\" height=\"70\" src=\"https:\/\/drarlenecaplan.com\/wp-content\/uploads\/2018\/04\/Dr-Arlene-Caplan-100x70.jpg\" class=\"attachment-pw-inline size-pw-inline wp-post-image\" alt=\"\" loading=\"lazy\" srcset=\"https:\/\/drarlenecaplan.com\/wp-content\/uploads\/2018\/04\/Dr-Arlene-Caplan-100x70.jpg 100w, https:\/\/drarlenecaplan.com\/wp-content\/uploads\/2018\/04\/Dr-Arlene-Caplan-270x190.jpg 270w\" sizes=\"(max-width: 100px) 100vw, 100px\" \/><\/a>\n\t\t<div class=\"page-box__content\">\n\t\t\t<h5 class=\"page-box__title  text-uppercase\"><a href=\"https:\/\/drarlenecaplan.com\/fr\/a-mon-sujet\/\">\u00c0 mon sujet<\/a><\/h5>\n\t\t\t<p>N\u00e9e \u00e0 Montr\u00e9al, j\u2019ai suivi toute ma formation professionnelle &hellip;<\/p>\n\t\t<\/div>\n\t<\/div>\n\n<\/div><\/div><div id=\"pgc-895-4-1\"  class=\"panel-grid-cell\" ><div id=\"panel-895-4-1-0\" class=\"so-panel widget widget_pw_featured_page widget-featured-page panel-first-child panel-last-child\" data-index=\"7\" >\n\n\t<div class=\"page-box  page-box--inline\">\n\t\t<a class=\"page-box__picture\" href=\"https:\/\/drarlenecaplan.com\/fr\/approche-therapeutique\/\"><img width=\"100\" height=\"70\" src=\"https:\/\/drarlenecaplan.com\/wp-content\/uploads\/2018\/04\/Therapy-approach-books-100x70.jpg\" class=\"attachment-pw-inline size-pw-inline wp-post-image\" alt=\"\" loading=\"lazy\" srcset=\"https:\/\/drarlenecaplan.com\/wp-content\/uploads\/2018\/04\/Therapy-approach-books-100x70.jpg 100w, https:\/\/drarlenecaplan.com\/wp-content\/uploads\/2018\/04\/Therapy-approach-books-270x190.jpg 270w\" sizes=\"(max-width: 100px) 100vw, 100px\" \/><\/a>\n\t\t<div class=\"page-box__content\">\n\t\t\t<h5 class=\"page-box__title  text-uppercase\"><a href=\"https:\/\/drarlenecaplan.com\/fr\/approche-therapeutique\/\">Mon approche th\u00e9rapeutique<\/a><\/h5>\n\t\t\t<p>J\u2019adopte une d\u00e9marche collaborative et j\u2019\u00e9tablis un partenariat &hellip;<\/p>\n\t\t<\/div>\n\t<\/div>\n\n<\/div><\/div><\/div><\/div>","protected":false},"excerpt":{"rendered":"<p>Je travaille avec des gens de tout \u00e2ge et de tous les horizons. Comme je parle anglais, fran\u00e7ais, espagnol et h\u00e9breu, mes clients proviennent de divers milieux culturels. Je traite des enfants, des adolescents et des parents qui font face \u00e0 des enjeux comportementaux, sociaux ou \u00e9motionnels. Je rencontre \u00e9galement des couples qui souhaitent am\u00e9liorer leur relation, ainsi que de jeunes professionnels qui composent avec des enjeux de carri\u00e8re ou d\u2019importantes transitions de vie.<\/p>\n","protected":false},"author":2,"featured_media":1288,"parent":0,"menu_order":0,"comment_status":"closed","ping_status":"closed","template":"","meta":{"_monsterinsights_skip_tracking":false,"_monsterinsights_sitenote_active":false,"_monsterinsights_sitenote_note":"","_monsterinsights_sitenote_category":0},"_links":{"self":[{"href":"https:\/\/drarlenecaplan.com\/fr\/wp-json\/wp\/v2\/pages\/895"}],"collection":[{"href":"https:\/\/drarlenecaplan.com\/fr\/wp-json\/wp\/v2\/pages"}],"about":[{"href":"https:\/\/drarlenecaplan.com\/fr\/wp-json\/wp\/v2\/types\/page"}],"author":[{"embeddable":true,"href":"https:\/\/drarlenecaplan.com\/fr\/wp-json\/wp\/v2\/users\/2"}],"replies":[{"embeddable":true,"href":"https:\/\/drarlenecaplan.com\/fr\/wp-json\/wp\/v2\/comments?post=895"}],"version-history":[{"count":5,"href":"https:\/\/drarlenecaplan.com\/fr\/wp-json\/wp\/v2\/pages\/895\/revisions"}],"predecessor-version":[{"id":1515,"href":"https:\/\/drarlenecaplan.com\/fr\/wp-json\/wp\/v2\/pages\/895\/revisions\/1515"}],"wp:featuredmedia":[{"embeddable":true,"href":"https:\/\/drarlenecaplan.com\/fr\/wp-json\/wp\/v2\/media\/1288"}],"wp:attachment":[{"href":"https:\/\/drarlenecaplan.com\/fr\/wp-json\/wp\/v2\/media?parent=895"}],"curies":[{"name":"wp","href":"https:\/\/api.w.org\/{rel}","templated":true}]}}