{"id":888,"date":"2016-02-15T22:16:11","date_gmt":"2016-02-15T22:16:11","guid":{"rendered":"http:\/\/drarlenecaplan.com\/?page_id=888&#038;lang=fr"},"modified":"2025-06-29T05:27:59","modified_gmt":"2025-06-29T05:27:59","slug":"a-mon-sujet","status":"publish","type":"page","link":"https:\/\/drarlenecaplan.com\/fr\/a-mon-sujet\/","title":{"rendered":"\u00c0 mon sujet"},"content":{"rendered":"<div id=\"pl-888\"  class=\"panel-layout\" ><div id=\"pg-888-0\"  class=\"panel-grid panel-no-style\" ><div id=\"pgc-888-0-0\"  class=\"panel-grid-cell\" ><div id=\"panel-888-0-0-0\" class=\"so-panel widget widget_sow-editor panel-first-child\" data-index=\"0\" ><div\n\t\t\t\n\t\t\tclass=\"so-widget-sow-editor so-widget-sow-editor-base\"\n\t\t\t\n\t\t>\n<div class=\"siteorigin-widget-tinymce textwidget\">\n\t<h3 class=\"widget-title\">Ma formation acad\u00e9mique et clinique<\/h3>\n<p><img loading=\"lazy\" class=\"wp-image-1234 alignnone\" src=\"https:\/\/drarlenecaplan.com\/wp-content\/uploads\/2018\/04\/Dr-Arlene-Caplan-desk3-1-1024x683.jpg\" alt=\"\" width=\"567\" height=\"379\" srcset=\"https:\/\/drarlenecaplan.com\/wp-content\/uploads\/2018\/04\/Dr-Arlene-Caplan-desk3-1-1024x683.jpg 1024w, https:\/\/drarlenecaplan.com\/wp-content\/uploads\/2018\/04\/Dr-Arlene-Caplan-desk3-1-300x200.jpg 300w, https:\/\/drarlenecaplan.com\/wp-content\/uploads\/2018\/04\/Dr-Arlene-Caplan-desk3-1-768x512.jpg 768w, https:\/\/drarlenecaplan.com\/wp-content\/uploads\/2018\/04\/Dr-Arlene-Caplan-desk3-1-525x350.jpg 525w, https:\/\/drarlenecaplan.com\/wp-content\/uploads\/2018\/04\/Dr-Arlene-Caplan-desk3-1-272x182.jpg 272w, https:\/\/drarlenecaplan.com\/wp-content\/uploads\/2018\/04\/Dr-Arlene-Caplan-desk3-1.jpg 1920w\" sizes=\"(max-width: 567px) 100vw, 567px\" \/><\/p>\n<p>N\u00e9e \u00e0 Montr\u00e9al, j\u2019ai suivi toute ma formation professionnelle \u00e0 l\u2019Universit\u00e9 McGill. J\u2019ai obtenu mon baccalaur\u00e9at en psychologie en 1978, mon dipl\u00f4me de ma\u00eetrise en psychologie p\u00e9dagogique en 1984, puis mon dipl\u00f4me de doctorat en psychologie clinique en 1993. J\u2019ai \u00e9galement re\u00e7u une excellente formation clinique lors de mes stages \u00e0 l\u2019H\u00f4pital g\u00e9n\u00e9ral de Montr\u00e9al, \u00e0 l\u2019Institut Allan Memorial (H\u00f4pital Royal Victoria) et \u00e0 l\u2019Institut de psychiatrie communautaire et familiale (H\u00f4pital g\u00e9n\u00e9ral juif). Je suis devenue membre de l\u2019Ordre des psychologues du Qu\u00e9bec en 1989 et j\u2019exerce ma profession \u00e0 titre de psychologue clinicienne depuis ce temps.<\/p>\n<h3 class=\"widget-title\">Mon exp\u00e9rience en pratique priv\u00e9e<\/h3>\n<p>Il y a plus de 35 ans que je traite des adultes et des enfants de tout \u00e2ge en pratique priv\u00e9e. Je rencontre mes clients individuellement, en couple ou avec leur famille, selon leurs besoins particuliers, leurs pr\u00e9f\u00e9rences et leurs objectifs dans le cadre de la th\u00e9rapie. Je mise aussi sur de nombreuses ann\u00e9es d\u2019exp\u00e9rience pratique en \u00e9valuation psychologique et psychop\u00e9dagogique, ainsi qu\u2019\u00e0 titre de conseill\u00e8re aupr\u00e8s des professionnels de l\u2019enseignement. De 2012 \u00e0 2014, je travaillais dans une clinique priv\u00e9e offrant des services de psychoth\u00e9rapie individuelle, familiale et de couple. J\u2019aidais mes clients \u00e0 faire face \u00e0 des probl\u00e8mes tr\u00e8s diversifi\u00e9s, touchant notamment l\u2019anxi\u00e9t\u00e9, la d\u00e9pression, la d\u00e9pression survenant apr\u00e8s l\u2019accouchement (post-partum), le stress li\u00e9 au travail, les difficult\u00e9s relationnelles, ainsi que les probl\u00e8mes comportementaux chez l\u2019enfant.<\/p>\n<h3 class=\"widget-title\">Mon exp\u00e9rience \u00e0 titre de psychologue p\u00e9diatrique<\/h3>\n<p>De 1995 \u00e0 2013, j'ai travaill\u00e9\u00a0\u00e0 titre de psychologue p\u00e9diatrique au Centre hospitalier universitaire Sainte-Justine, o\u00f9 j\u2019aidais les enfants, les adolescents et leurs familles \u00e0 apprendre \u00e0 vivre avec la maladie aigu\u00eb et chronique. Mon exp\u00e9rience en p\u00e9diatrie est tr\u00e8s vaste et je me suis sp\u00e9cialis\u00e9e en accompagnement pour les maladies et troubles digestifs, comme la maladie de Crohn, la colite ulc\u00e9reuse, la maladie c\u0153liaque, le syndrome de l\u2019intestin irritable et la douleur abdominale fonctionnelle. J\u2019ai \u00e9galement eu l\u2019occasion de travailler avec les familles atteints d\u2019enfants vivant avec une malformation cong\u00e9nitale, d'un handicap physique et de\u00a0trouble\u00a0du d\u00e9veloppement. Mes activit\u00e9s \u00e0 titre de psychologue p\u00e9diatrique \u00e9taient principalement ax\u00e9es sur la r\u00e9silience psychologique, l\u2019aide pour relever les d\u00e9fis individuels et le soutien pour atteindre des objectifs personnels.<\/p>\n<h3 class=\"widget-title\">Mon exp\u00e9rience en enseignement<\/h3>\n<p>Au cours des ann\u00e9es, j\u2019ai fait partie du corps enseignant de plusieurs \u00e9tablissements : professeure agr\u00e9g\u00e9e et adjointe au D\u00e9partement de psychop\u00e9dagogie et de counseling de l\u2019Universit\u00e9 McGill, professeure adjointe au D\u00e9partement de psychologie de l\u2019Universit\u00e9 de Montr\u00e9al et superviseure clinicienne au CHU Sainte-Justine, o\u00f9 j\u2019ai supervis\u00e9 des stagiaires en psychologie. J\u2019ai \u00e9galement supervis\u00e9 les \u00e9tudiants de troisi\u00e8me cycle menant des recherches en psychologie p\u00e9diatrique. Je suis actuellement charg\u00e9e de cours \u00e0 l\u2019Universit\u00e9 McGill, o\u00f9 j\u2019enseigne la th\u00e9rapie familiale et l\u2019\u00e9valuation psychologique aux \u00e9tudiants dipl\u00f4m\u00e9s en psychop\u00e9dagogie et en counseling.<\/p>\n<h3 class=\"widget-title\">Mon exp\u00e9rience en recherche<\/h3>\n<p>Je contribue \u00e0 la recherche en psychologie depuis mes \u00e9tudes universitaires de premier cycle. Mes \u00e9tudes portent principalement sur le d\u00e9veloppement cognitif, la douance, la d\u00e9pression post-partum, la relation m\u00e8re-enfant et le fonctionnement psychosocial dans un contexte p\u00e9diatrique de maladie gastro-intestinale. Au fil des ans, j\u2019ai pr\u00e9sent\u00e9 les conclusions de mes recherches lors de nombreuses conf\u00e9rences professionnelles r\u00e9gionales, nationales et internationales et j\u2019ai souvent \u00e9t\u00e9 invit\u00e9e \u00e0 ces \u00e9v\u00e9nements en qualit\u00e9 de conf\u00e9renci\u00e8re.<\/p>\n<h3 class=\"widget-title\">Rendre service \u00e0 la collectivit\u00e9<\/h3>\n<p>On me demande parfois d\u2019intervenir lors de conf\u00e9rences organis\u00e9es par des associations de patients et de leurs familles afin de discuter des enjeux psychologiques associ\u00e9s \u00e0 divers probl\u00e8mes m\u00e9dicaux et de pr\u00e9senter les avantages du soutien psychologique. J\u2019adore ces invitations me permettant de redonner \u00e0 la collectivit\u00e9 afin de remercier mes patients qui m\u2019ont offert une exp\u00e9rience et des connaissances inestimables.<\/p>\n<\/div>\n<\/div><\/div><div id=\"panel-888-0-0-1\" class=\"so-panel widget widget_pw_testimonials widget-testimonials\" data-index=\"1\" >\n\n\t<div class=\"testimonial\">\n\n\t\t<h2 class=\"widget-title\"> <\/h2>\n\n\n\t\t<div id=\"carousel-testimonials-widget-0-0-1\" class=\"carousel slide\" data-ride=\"carousel\" data-interval=\"false\">\n\t\t\t<!-- Wrapper for slides -->\n\t\t\t<div class=\"carousel-inner\" role=\"listbox\">\n\t\t\t\t<div class=\"item active\">\n\t\t\t\t\t<div class=\"row\">\n\t\t\t\t\t\t\t\n\t\t\t\t\t\t\t<div class=\"col-xs-12  col-sm-12\">\n\t\t\t\t\t\t\t\t<blockquote>\n\t\t\t\t\t\t\t\t\t<p class=\"testimonial__quote\">\n\t\t\t\t\t\t\t\t\t\tJe me suis rapidement sentie \u00e0 l'aise avec Dr Caplan parce que j'avais vraiment l'impression qu'elle comprenait mes \u00e9motions, m\u00eame si j'avais quelques fois de la difficult\u00e9 \u00e0 les exprimer.\n\t\t\t\t\t\t\t\t\t<\/p>\n\t\t\t\t\t\t\t\t\t<cite class=\"testimonial__author\">\n\t\t\t\t\t\t\t\t\t\tFemme dans la mi-trentaine\n\t\t\t\t\t\t\t\t\t<\/cite>\n\n\t\t\t\t\t\t\t\t\t\t<div class=\"testimonial__author-description\">\n\t\t\t\t\t\t\t\t\t\t\tEn th\u00e9rapie 3.5 ans\n\t\t\t\t\t\t\t\t\t\t<\/div>\n\n\t\t\t\t\t\t\t\t<\/blockquote>\n\t\t\t\t\t\t\t<\/div>\n\t\t\t\t\t<\/div>\n\t\t\t\t<\/div>\n\t\t\t<\/div>\n\t\t<\/div>\n\t<\/div>\n\n<\/div><div id=\"panel-888-0-0-2\" class=\"so-panel widget widget_pw_featured_page widget-featured-page panel-last-child\" data-index=\"2\" >\n\n\t<div class=\"page-box  page-box--block\">\n\t\t<a class=\"page-box__picture\" href=\"https:\/\/drarlenecaplan.com\/fr\/approche-therapeutique\/\"><img width=\"525\" height=\"350\" src=\"https:\/\/drarlenecaplan.com\/wp-content\/uploads\/2018\/04\/Therapy-approach-books-525x350.jpg\" class=\"attachment-pw-page-box size-pw-page-box wp-post-image\" alt=\"\" loading=\"lazy\" srcset=\"https:\/\/drarlenecaplan.com\/wp-content\/uploads\/2018\/04\/Therapy-approach-books-525x350.jpg 525w, https:\/\/drarlenecaplan.com\/wp-content\/uploads\/2018\/04\/Therapy-approach-books-300x200.jpg 300w, https:\/\/drarlenecaplan.com\/wp-content\/uploads\/2018\/04\/Therapy-approach-books-768x513.jpg 768w, https:\/\/drarlenecaplan.com\/wp-content\/uploads\/2018\/04\/Therapy-approach-books-1024x684.jpg 1024w, https:\/\/drarlenecaplan.com\/wp-content\/uploads\/2018\/04\/Therapy-approach-books-272x182.jpg 272w, https:\/\/drarlenecaplan.com\/wp-content\/uploads\/2018\/04\/Therapy-approach-books.jpg 1600w\" sizes=\"(max-width: 525px) 100vw, 525px\" \/><\/a>\n\t\t<div class=\"page-box__content\">\n\t\t\t<h5 class=\"page-box__title  text-uppercase\"><a href=\"https:\/\/drarlenecaplan.com\/fr\/approche-therapeutique\/\">Mon approche th\u00e9rapeutique<\/a><\/h5>\n\t\t\t<p>J\u2019adopte une d\u00e9marche collaborative et j\u2019\u00e9tablis un partenariat avec mes clients afin que nous mettions nos efforts en commun afin de comprendre, de d\u00e9terminer et d\u2019atteindre leurs buts.<\/p>\n\t\t\t\t<p><a href=\"https:\/\/drarlenecaplan.com\/fr\/approche-therapeutique\/\" class=\"read-more  read-more--page-box\">En savoir plus...<\/a><\/p>\n\t\t<\/div>\n\t<\/div>\n\n<\/div><\/div><\/div><\/div>","protected":false},"excerpt":{"rendered":"<p>N\u00e9e \u00e0 Montr\u00e9al, j\u2019ai suivi toute ma formation professionnelle \u00e0 l\u2019Universit\u00e9 McGill. J\u2019ai obtenu mon baccalaur\u00e9at en psychologie en 1978, mon dipl\u00f4me de ma\u00eetrise en psychologie p\u00e9dagogique en 1984, puis mon dipl\u00f4me de doctorat en psychologie clinique en 1993. <\/p>\n","protected":false},"author":2,"featured_media":1213,"parent":0,"menu_order":0,"comment_status":"closed","ping_status":"closed","template":"","meta":{"_monsterinsights_skip_tracking":false,"_monsterinsights_sitenote_active":false,"_monsterinsights_sitenote_note":"","_monsterinsights_sitenote_category":0},"_links":{"self":[{"href":"https:\/\/drarlenecaplan.com\/fr\/wp-json\/wp\/v2\/pages\/888"}],"collection":[{"href":"https:\/\/drarlenecaplan.com\/fr\/wp-json\/wp\/v2\/pages"}],"about":[{"href":"https:\/\/drarlenecaplan.com\/fr\/wp-json\/wp\/v2\/types\/page"}],"author":[{"embeddable":true,"href":"https:\/\/drarlenecaplan.com\/fr\/wp-json\/wp\/v2\/users\/2"}],"replies":[{"embeddable":true,"href":"https:\/\/drarlenecaplan.com\/fr\/wp-json\/wp\/v2\/comments?post=888"}],"version-history":[{"count":14,"href":"https:\/\/drarlenecaplan.com\/fr\/wp-json\/wp\/v2\/pages\/888\/revisions"}],"predecessor-version":[{"id":1599,"href":"https:\/\/drarlenecaplan.com\/fr\/wp-json\/wp\/v2\/pages\/888\/revisions\/1599"}],"wp:featuredmedia":[{"embeddable":true,"href":"https:\/\/drarlenecaplan.com\/fr\/wp-json\/wp\/v2\/media\/1213"}],"wp:attachment":[{"href":"https:\/\/drarlenecaplan.com\/fr\/wp-json\/wp\/v2\/media?parent=888"}],"curies":[{"name":"wp","href":"https:\/\/api.w.org\/{rel}","templated":true}]}}